{"id":11495,"date":"2026-02-06T15:14:08","date_gmt":"2026-02-06T14:14:08","guid":{"rendered":"https:\/\/smartconfluence.ch\/events\/"},"modified":"2026-02-06T15:35:38","modified_gmt":"2026-02-06T14:35:38","slug":"events","status":"publish","type":"page","link":"https:\/\/smartconfluence.ch\/en\/events\/","title":{"rendered":"Events"},"content":{"rendered":"\t\t<div data-elementor-type=\"wp-page\" data-elementor-id=\"11495\" class=\"elementor elementor-11495 elementor-11483\" data-elementor-post-type=\"page\">\n\t\t\t\t<section class=\"elementor-element elementor-element-018952b hero-page e-flex e-con-boxed e-con e-parent\" data-id=\"018952b\" data-element_type=\"container\" data-e-type=\"container\">\n\t\t\t\t\t<div class=\"e-con-inner\">\n\t\t<section class=\"elementor-element elementor-element-35a939d e-con-full e-flex e-con e-child\" data-id=\"35a939d\" data-element_type=\"container\" data-e-type=\"container\">\n\t\t\t\t<div class=\"elementor-element elementor-element-2f9ca81 elementor-widget elementor-widget-heading\" data-id=\"2f9ca81\" data-element_type=\"widget\" data-e-type=\"widget\" data-widget_type=\"heading.default\">\n\t\t\t\t<div class=\"elementor-widget-container\">\n\t\t\t\t\t<h1 class=\"elementor-heading-title elementor-size-default\">Next events<\/h1>\t\t\t\t<\/div>\n\t\t\t\t<\/div>\n\t\t\t\t<div class=\"elementor-element elementor-element-cbfecf0 elementor-widget elementor-widget-button\" data-id=\"cbfecf0\" data-element_type=\"widget\" data-e-type=\"widget\" data-widget_type=\"button.default\">\n\t\t\t\t<div class=\"elementor-widget-container\">\n\t\t\t\t\t\t\t\t\t<div class=\"elementor-button-wrapper\">\n\t\t\t\t\t<a class=\"elementor-button elementor-button-link elementor-size-sm\" href=\"#elementor-action%3Aaction%3Dpopup%3Aopen%26settings%3DeyJpZCI6MTEzNzEsInRvZ2dsZSI6ZmFsc2V9\">\n\t\t\t\t\t\t<span class=\"elementor-button-content-wrapper\">\n\t\t\t\t\t\t\t\t\t<span class=\"elementor-button-text\">Suggest an event<\/span>\n\t\t\t\t\t<\/span>\n\t\t\t\t\t<\/a>\n\t\t\t\t<\/div>\n\t\t\t\t\t\t\t\t<\/div>\n\t\t\t\t<\/div>\n\t\t\t\t<\/section>\n\t\t<div class=\"elementor-element elementor-element-7bf5f11 e-con-full e-flex e-con e-child\" data-id=\"7bf5f11\" data-element_type=\"container\" data-e-type=\"container\">\n\t\t\t\t<div class=\"elementor-element elementor-element-f2215b9 elementor-grid-1 elementor-grid-tablet-2 elementor-grid-mobile-1 elementor-widget elementor-widget-loop-grid\" data-id=\"f2215b9\" data-element_type=\"widget\" data-e-type=\"widget\" data-settings=\"{&quot;template_id&quot;:10347,&quot;columns&quot;:1,&quot;row_gap&quot;:{&quot;unit&quot;:&quot;px&quot;,&quot;size&quot;:20,&quot;sizes&quot;:[]},&quot;_skin&quot;:&quot;post&quot;,&quot;columns_tablet&quot;:&quot;2&quot;,&quot;columns_mobile&quot;:&quot;1&quot;,&quot;edit_handle_selector&quot;:&quot;[data-elementor-type=\\&quot;loop-item\\&quot;]&quot;,&quot;row_gap_tablet&quot;:{&quot;unit&quot;:&quot;px&quot;,&quot;size&quot;:&quot;&quot;,&quot;sizes&quot;:[]},&quot;row_gap_mobile&quot;:{&quot;unit&quot;:&quot;px&quot;,&quot;size&quot;:&quot;&quot;,&quot;sizes&quot;:[]}}\" data-widget_type=\"loop-grid.post\">\n\t\t\t\t<div class=\"elementor-widget-container\">\n\t\t\t\t\t\t\t<div class=\"e-loop-nothing-found-message\">\n\t\t\t\t\t<div class=\"e-loop-nothing-found-message__text\">\n\t\t\t\tNo events scheduled at this time.\t\t\t<\/div>\n\t\t\t<\/div>\n\t\t\t\t\t\t<\/div>\n\t\t\t\t<\/div>\n\t\t\t\t<div class=\"elementor-element elementor-element-c7b8bb5 elementor-grid-3 elementor-grid-tablet-2 elementor-grid-mobile-1 elementor-widget elementor-widget-loop-grid\" data-id=\"c7b8bb5\" data-element_type=\"widget\" data-e-type=\"widget\" data-settings=\"{&quot;template_id&quot;:10347,&quot;pagination_type&quot;:&quot;load_more_on_click&quot;,&quot;load_more_spinner&quot;:{&quot;value&quot;:&quot;fas fa-circle-notch&quot;,&quot;library&quot;:&quot;fa-solid&quot;},&quot;row_gap&quot;:{&quot;unit&quot;:&quot;px&quot;,&quot;size&quot;:20,&quot;sizes&quot;:[]},&quot;_skin&quot;:&quot;post&quot;,&quot;columns&quot;:&quot;3&quot;,&quot;columns_tablet&quot;:&quot;2&quot;,&quot;columns_mobile&quot;:&quot;1&quot;,&quot;edit_handle_selector&quot;:&quot;[data-elementor-type=\\&quot;loop-item\\&quot;]&quot;,&quot;row_gap_tablet&quot;:{&quot;unit&quot;:&quot;px&quot;,&quot;size&quot;:&quot;&quot;,&quot;sizes&quot;:[]},&quot;row_gap_mobile&quot;:{&quot;unit&quot;:&quot;px&quot;,&quot;size&quot;:&quot;&quot;,&quot;sizes&quot;:[]}}\" data-widget_type=\"loop-grid.post\">\n\t\t\t\t<div class=\"elementor-widget-container\">\n\t\t\t\t\t\t\t<div class=\"e-loop-nothing-found-message\">\n\t\t<\/div>\n\t\t\t\t\t\t<\/div>\n\t\t\t\t<\/div>\n\t\t\t\t<\/div>\n\t\t<section class=\"elementor-element elementor-element-ebfce14 e-con-full e-flex e-con e-child\" data-id=\"ebfce14\" data-element_type=\"container\" data-e-type=\"container\">\n\t\t\t\t<div class=\"elementor-element elementor-element-d9cbb1f elementor-widget elementor-widget-heading\" data-id=\"d9cbb1f\" data-element_type=\"widget\" data-e-type=\"widget\" data-widget_type=\"heading.default\">\n\t\t\t\t<div class=\"elementor-widget-container\">\n\t\t\t\t\t<h2 class=\"elementor-heading-title elementor-size-default\">Past events<\/h2>\t\t\t\t<\/div>\n\t\t\t\t<\/div>\n\t\t\t\t<div class=\"elementor-element elementor-element-5c46c2d elementor-grid-3 elementor-grid-tablet-2 elementor-grid-mobile-1 elementor-widget elementor-widget-loop-grid\" data-id=\"5c46c2d\" data-element_type=\"widget\" data-e-type=\"widget\" data-settings=\"{&quot;template_id&quot;:10347,&quot;pagination_type&quot;:&quot;load_more_on_click&quot;,&quot;load_more_spinner&quot;:{&quot;value&quot;:&quot;fas fa-circle-notch&quot;,&quot;library&quot;:&quot;fa-solid&quot;},&quot;row_gap&quot;:{&quot;unit&quot;:&quot;px&quot;,&quot;size&quot;:20,&quot;sizes&quot;:[]},&quot;_skin&quot;:&quot;post&quot;,&quot;columns&quot;:&quot;3&quot;,&quot;columns_tablet&quot;:&quot;2&quot;,&quot;columns_mobile&quot;:&quot;1&quot;,&quot;edit_handle_selector&quot;:&quot;[data-elementor-type=\\&quot;loop-item\\&quot;]&quot;,&quot;row_gap_tablet&quot;:{&quot;unit&quot;:&quot;px&quot;,&quot;size&quot;:&quot;&quot;,&quot;sizes&quot;:[]},&quot;row_gap_mobile&quot;:{&quot;unit&quot;:&quot;px&quot;,&quot;size&quot;:&quot;&quot;,&quot;sizes&quot;:[]}}\" data-widget_type=\"loop-grid.post\">\n\t\t\t\t<div class=\"elementor-widget-container\">\n\t\t\t\t\t\t\t<div class=\"e-loop-nothing-found-message\">\n\t\t\t\t\t<div class=\"e-loop-nothing-found-message__text\">\n\t\t\t\tNo events found.\t\t\t<\/div>\n\t\t\t<\/div>\n\t\t\t\t\t\t<\/div>\n\t\t\t\t<\/div>\n\t\t\t\t<\/section>\n\t\t<div class=\"elementor-element elementor-element-b334a8c twocols e-con-full e-flex e-con e-child\" data-id=\"b334a8c\" data-element_type=\"container\" data-e-type=\"container\">\n\t\t<div class=\"elementor-element elementor-element-f594acf e-con-full e-flex e-con e-child\" data-id=\"f594acf\" data-element_type=\"container\" data-e-type=\"container\">\n\t\t\t\t<div class=\"elementor-element elementor-element-1ac82fb elementor-widget elementor-widget-heading\" data-id=\"1ac82fb\" data-element_type=\"widget\" data-e-type=\"widget\" data-widget_type=\"heading.default\">\n\t\t\t\t<div class=\"elementor-widget-container\">\n\t\t\t\t\t<h2 class=\"elementor-heading-title elementor-size-default\">LA COMMUNAUT\u00c9 SMART<\/h2>\t\t\t\t<\/div>\n\t\t\t\t<\/div>\n\t\t\t\t<div class=\"elementor-element elementor-element-3e8789d elementor-widget elementor-widget-text-editor\" data-id=\"3e8789d\" data-element_type=\"widget\" data-e-type=\"widget\" data-widget_type=\"text-editor.default\">\n\t\t\t\t<div class=\"elementor-widget-container\">\n\t\t\t\t\t\t\t\t\t<p>Professionnels de sant\u00e9 et du sport, chercheurs, innovateurs et entrepreneurs se r\u00e9unissent afin de faire \u00e9merger et r\u00e9aliser des projets impactants dans la sant\u00e9 et le sport.<\/p>\n<p>Du concept \u00e0 la r\u00e9alisation, SMART Confluence donne acc\u00e8s \u00e0 des expertises, des infrastructures uniques, du soutien adapt\u00e9 et du financement afin de d\u00e9velopper vos projets.<\/p>\n\t\t\t\t\t\t\t\t<\/div>\n\t\t\t\t<\/div>\n\t\t\t\t<div class=\"elementor-element elementor-element-e1b8b18 elementor-widget elementor-widget-button\" data-id=\"e1b8b18\" data-element_type=\"widget\" data-e-type=\"widget\" data-widget_type=\"button.default\">\n\t\t\t\t<div class=\"elementor-widget-container\">\n\t\t\t\t\t\t\t\t\t<div class=\"elementor-button-wrapper\">\n\t\t\t\t\t<a class=\"elementor-button elementor-button-link elementor-size-sm\" href=\"https:\/\/smartconfluence.ch\/en\/community\/\">\n\t\t\t\t\t\t<span class=\"elementor-button-content-wrapper\">\n\t\t\t\t\t\t\t\t\t<span class=\"elementor-button-text\">D\u00e9couvrir l\u2019\u00e9cosyst\u00e8me<\/span>\n\t\t\t\t\t<\/span>\n\t\t\t\t\t<\/a>\n\t\t\t\t<\/div>\n\t\t\t\t\t\t\t\t<\/div>\n\t\t\t\t<\/div>\n\t\t\t\t<\/div>\n\t\t<div class=\"elementor-element elementor-element-ac06627 e-con-full e-flex e-con e-child\" data-id=\"ac06627\" data-element_type=\"container\" data-e-type=\"container\">\n\t\t\t\t<div class=\"elementor-element elementor-element-775f77e elementor-widget elementor-widget-video\" data-id=\"775f77e\" data-element_type=\"widget\" data-e-type=\"widget\" data-settings=\"{&quot;video_type&quot;:&quot;hosted&quot;,&quot;autoplay&quot;:&quot;yes&quot;,&quot;mute&quot;:&quot;yes&quot;,&quot;loop&quot;:&quot;yes&quot;}\" data-widget_type=\"video.default\">\n\t\t\t\t<div class=\"elementor-widget-container\">\n\t\t\t\t\t\t\t<div class=\"e-hosted-video elementor-wrapper elementor-open-inline\">\n\t\t\t\t\t<video class=\"elementor-video\" src=\"https:\/\/smartconfluence.ch\/wp-content\/uploads\/2025\/12\/communaute.mp4\" autoplay=\"\" loop=\"\" muted=\"muted\" controlsList=\"nodownload\"><\/video>\n\t\t\t\t<\/div>\n\t\t\t\t\t\t<\/div>\n\t\t\t\t<\/div>\n\t\t\t\t<\/div>\n\t\t\t\t<\/div>\n\t\t\t\t\t<\/div>\n\t\t\t\t<\/section>\n\t\t\t\t<\/div>\n\t\t","protected":false},"excerpt":{"rendered":"<p>Next events Suggest an event Past events LA COMMUNAUT\u00c9 SMART Professionnels de sant\u00e9 et du sport, chercheurs, innovateurs et entrepreneurs se r\u00e9unissent afin de faire \u00e9merger et r\u00e9aliser des projets impactants dans la sant\u00e9 et le sport. Du concept \u00e0 la r\u00e9alisation, SMART Confluence donne acc\u00e8s \u00e0 des expertises, des infrastructures uniques, du soutien adapt\u00e9 [&hellip;]<\/p>\n","protected":false},"author":14,"featured_media":0,"parent":0,"menu_order":0,"comment_status":"closed","ping_status":"closed","template":"","meta":{"_acf_changed":false,"footnotes":""},"class_list":["post-11495","page","type-page","status-publish","hentry"],"acf":[],"yoast_head":"<!-- This site is optimized with the Yoast SEO plugin v27.5 - https:\/\/yoast.com\/product\/yoast-seo-wordpress\/ -->\n<title>Events - SMART Confluence<\/title>\n<meta name=\"robots\" content=\"index, follow, max-snippet:-1, max-image-preview:large, max-video-preview:-1\" \/>\n<link rel=\"canonical\" href=\"https:\/\/smartconfluence.ch\/en\/events\/\" \/>\n<meta property=\"og:locale\" content=\"en_US\" \/>\n<meta property=\"og:type\" content=\"article\" \/>\n<meta property=\"og:title\" content=\"Events - SMART Confluence\" \/>\n<meta property=\"og:description\" content=\"Next events Suggest an event Past events LA COMMUNAUT\u00c9 SMART Professionnels de sant\u00e9 et du sport, chercheurs, innovateurs et entrepreneurs se r\u00e9unissent afin de faire \u00e9merger et r\u00e9aliser des projets impactants dans la sant\u00e9 et le sport. Du concept \u00e0 la r\u00e9alisation, SMART Confluence donne acc\u00e8s \u00e0 des expertises, des infrastructures uniques, du soutien adapt\u00e9 [&hellip;]\" \/>\n<meta property=\"og:url\" content=\"https:\/\/smartconfluence.ch\/en\/events\/\" \/>\n<meta property=\"og:site_name\" content=\"SMART Confluence\" \/>\n<meta property=\"article:modified_time\" content=\"2026-02-06T14:35:38+00:00\" \/>\n<meta name=\"twitter:card\" content=\"summary_large_image\" \/>\n<meta name=\"twitter:site\" content=\"@SmartConfluence\" \/>\n<script type=\"application\/ld+json\" class=\"yoast-schema-graph\">{\"@context\":\"https:\\\/\\\/schema.org\",\"@graph\":[{\"@type\":\"WebPage\",\"@id\":\"https:\\\/\\\/smartconfluence.ch\\\/en\\\/events\\\/\",\"url\":\"https:\\\/\\\/smartconfluence.ch\\\/en\\\/events\\\/\",\"name\":\"Events - SMART Confluence\",\"isPartOf\":{\"@id\":\"https:\\\/\\\/smartconfluence.ch\\\/en\\\/#website\"},\"datePublished\":\"2026-02-06T14:14:08+00:00\",\"dateModified\":\"2026-02-06T14:35:38+00:00\",\"breadcrumb\":{\"@id\":\"https:\\\/\\\/smartconfluence.ch\\\/en\\\/events\\\/#breadcrumb\"},\"inLanguage\":\"en-US\",\"potentialAction\":[{\"@type\":\"ReadAction\",\"target\":[\"https:\\\/\\\/smartconfluence.ch\\\/en\\\/events\\\/\"]}]},{\"@type\":\"BreadcrumbList\",\"@id\":\"https:\\\/\\\/smartconfluence.ch\\\/en\\\/events\\\/#breadcrumb\",\"itemListElement\":[{\"@type\":\"ListItem\",\"position\":1,\"name\":\"Accueil\",\"item\":\"https:\\\/\\\/smartconfluence.ch\\\/en\\\/\"},{\"@type\":\"ListItem\",\"position\":2,\"name\":\"Events\"}]},{\"@type\":\"WebSite\",\"@id\":\"https:\\\/\\\/smartconfluence.ch\\\/en\\\/#website\",\"url\":\"https:\\\/\\\/smartconfluence.ch\\\/en\\\/\",\"name\":\"S.M.A.R.T. Confluence\",\"description\":\"Innovons ensemble dans la sant\u00e9 et le sport en Valais\",\"publisher\":{\"@id\":\"https:\\\/\\\/smartconfluence.ch\\\/en\\\/#organization\"},\"potentialAction\":[{\"@type\":\"SearchAction\",\"target\":{\"@type\":\"EntryPoint\",\"urlTemplate\":\"https:\\\/\\\/smartconfluence.ch\\\/en\\\/?s={search_term_string}\"},\"query-input\":{\"@type\":\"PropertyValueSpecification\",\"valueRequired\":true,\"valueName\":\"search_term_string\"}}],\"inLanguage\":\"en-US\"},{\"@type\":\"Organization\",\"@id\":\"https:\\\/\\\/smartconfluence.ch\\\/en\\\/#organization\",\"name\":\"S.M.A.R.T. Confluence\",\"url\":\"https:\\\/\\\/smartconfluence.ch\\\/en\\\/\",\"logo\":{\"@type\":\"ImageObject\",\"inLanguage\":\"en-US\",\"@id\":\"https:\\\/\\\/smartconfluence.ch\\\/en\\\/#\\\/schema\\\/logo\\\/image\\\/\",\"url\":\"https:\\\/\\\/smartconfluence.ch\\\/wp-content\\\/uploads\\\/2020\\\/11\\\/smartconfluence-logo.png\",\"contentUrl\":\"https:\\\/\\\/smartconfluence.ch\\\/wp-content\\\/uploads\\\/2020\\\/11\\\/smartconfluence-logo.png\",\"width\":200,\"height\":200,\"caption\":\"S.M.A.R.T. Confluence\"},\"image\":{\"@id\":\"https:\\\/\\\/smartconfluence.ch\\\/en\\\/#\\\/schema\\\/logo\\\/image\\\/\"},\"sameAs\":[\"https:\\\/\\\/x.com\\\/SmartConfluence\",\"https:\\\/\\\/www.linkedin.com\\\/company\\\/smart-confluence\",\"https:\\\/\\\/www.youtube.com\\\/channel\\\/UCouOaigXvIz1Pjhm8GuRqUA\"]}]}<\/script>\n<!-- \/ Yoast SEO plugin. -->","yoast_head_json":{"title":"Events - SMART Confluence","robots":{"index":"index","follow":"follow","max-snippet":"max-snippet:-1","max-image-preview":"max-image-preview:large","max-video-preview":"max-video-preview:-1"},"canonical":"https:\/\/smartconfluence.ch\/en\/events\/","og_locale":"en_US","og_type":"article","og_title":"Events - SMART Confluence","og_description":"Next events Suggest an event Past events LA COMMUNAUT\u00c9 SMART Professionnels de sant\u00e9 et du sport, chercheurs, innovateurs et entrepreneurs se r\u00e9unissent afin de faire \u00e9merger et r\u00e9aliser des projets impactants dans la sant\u00e9 et le sport. Du concept \u00e0 la r\u00e9alisation, SMART Confluence donne acc\u00e8s \u00e0 des expertises, des infrastructures uniques, du soutien adapt\u00e9 [&hellip;]","og_url":"https:\/\/smartconfluence.ch\/en\/events\/","og_site_name":"SMART Confluence","article_modified_time":"2026-02-06T14:35:38+00:00","twitter_card":"summary_large_image","twitter_site":"@SmartConfluence","schema":{"@context":"https:\/\/schema.org","@graph":[{"@type":"WebPage","@id":"https:\/\/smartconfluence.ch\/en\/events\/","url":"https:\/\/smartconfluence.ch\/en\/events\/","name":"Events - SMART Confluence","isPartOf":{"@id":"https:\/\/smartconfluence.ch\/en\/#website"},"datePublished":"2026-02-06T14:14:08+00:00","dateModified":"2026-02-06T14:35:38+00:00","breadcrumb":{"@id":"https:\/\/smartconfluence.ch\/en\/events\/#breadcrumb"},"inLanguage":"en-US","potentialAction":[{"@type":"ReadAction","target":["https:\/\/smartconfluence.ch\/en\/events\/"]}]},{"@type":"BreadcrumbList","@id":"https:\/\/smartconfluence.ch\/en\/events\/#breadcrumb","itemListElement":[{"@type":"ListItem","position":1,"name":"Accueil","item":"https:\/\/smartconfluence.ch\/en\/"},{"@type":"ListItem","position":2,"name":"Events"}]},{"@type":"WebSite","@id":"https:\/\/smartconfluence.ch\/en\/#website","url":"https:\/\/smartconfluence.ch\/en\/","name":"S.M.A.R.T. Confluence","description":"Innovons ensemble dans la sant\u00e9 et le sport en Valais","publisher":{"@id":"https:\/\/smartconfluence.ch\/en\/#organization"},"potentialAction":[{"@type":"SearchAction","target":{"@type":"EntryPoint","urlTemplate":"https:\/\/smartconfluence.ch\/en\/?s={search_term_string}"},"query-input":{"@type":"PropertyValueSpecification","valueRequired":true,"valueName":"search_term_string"}}],"inLanguage":"en-US"},{"@type":"Organization","@id":"https:\/\/smartconfluence.ch\/en\/#organization","name":"S.M.A.R.T. Confluence","url":"https:\/\/smartconfluence.ch\/en\/","logo":{"@type":"ImageObject","inLanguage":"en-US","@id":"https:\/\/smartconfluence.ch\/en\/#\/schema\/logo\/image\/","url":"https:\/\/smartconfluence.ch\/wp-content\/uploads\/2020\/11\/smartconfluence-logo.png","contentUrl":"https:\/\/smartconfluence.ch\/wp-content\/uploads\/2020\/11\/smartconfluence-logo.png","width":200,"height":200,"caption":"S.M.A.R.T. Confluence"},"image":{"@id":"https:\/\/smartconfluence.ch\/en\/#\/schema\/logo\/image\/"},"sameAs":["https:\/\/x.com\/SmartConfluence","https:\/\/www.linkedin.com\/company\/smart-confluence","https:\/\/www.youtube.com\/channel\/UCouOaigXvIz1Pjhm8GuRqUA"]}]}},"_links":{"self":[{"href":"https:\/\/smartconfluence.ch\/en\/wp-json\/wp\/v2\/pages\/11495","targetHints":{"allow":["GET"]}}],"collection":[{"href":"https:\/\/smartconfluence.ch\/en\/wp-json\/wp\/v2\/pages"}],"about":[{"href":"https:\/\/smartconfluence.ch\/en\/wp-json\/wp\/v2\/types\/page"}],"author":[{"embeddable":true,"href":"https:\/\/smartconfluence.ch\/en\/wp-json\/wp\/v2\/users\/14"}],"replies":[{"embeddable":true,"href":"https:\/\/smartconfluence.ch\/en\/wp-json\/wp\/v2\/comments?post=11495"}],"version-history":[{"count":3,"href":"https:\/\/smartconfluence.ch\/en\/wp-json\/wp\/v2\/pages\/11495\/revisions"}],"predecessor-version":[{"id":11514,"href":"https:\/\/smartconfluence.ch\/en\/wp-json\/wp\/v2\/pages\/11495\/revisions\/11514"}],"wp:attachment":[{"href":"https:\/\/smartconfluence.ch\/en\/wp-json\/wp\/v2\/media?parent=11495"}],"curies":[{"name":"wp","href":"https:\/\/api.w.org\/{rel}","templated":true}]}}