{"id":3564,"date":"2021-03-02T11:06:59","date_gmt":"2021-03-02T10:06:59","guid":{"rendered":"https:\/\/smartconfluence.ch\/charte-de-protection-des-donnees\/"},"modified":"2026-01-13T14:14:07","modified_gmt":"2026-01-13T13:14:07","slug":"datenschutz-charta","status":"publish","type":"page","link":"https:\/\/smartconfluence.ch\/de\/datenschutz-charta\/","title":{"rendered":"Datenschutz-Charta"},"content":{"rendered":"\t\t<div data-elementor-type=\"wp-page\" data-elementor-id=\"3564\" class=\"elementor elementor-3564 elementor-568\" data-elementor-post-type=\"page\">\n\t\t\t\t<div class=\"elementor-element elementor-element-3f848ac e-flex e-con-boxed e-con e-parent\" data-id=\"3f848ac\" data-element_type=\"container\" data-e-type=\"container\">\n\t\t\t\t\t<div class=\"e-con-inner\">\n\t\t<div class=\"elementor-element elementor-element-211db42 e-con-full e-flex e-con e-child\" data-id=\"211db42\" data-element_type=\"container\" data-e-type=\"container\">\n\t\t\t\t<div class=\"elementor-element elementor-element-2ea50a6 elementor-widget elementor-widget-heading\" data-id=\"2ea50a6\" data-element_type=\"widget\" data-e-type=\"widget\" data-widget_type=\"heading.default\">\n\t\t\t\t<div class=\"elementor-widget-container\">\n\t\t\t\t\t<h2 class=\"elementor-heading-title elementor-size-default\">Nutzung der Website<\/h2>\t\t\t\t<\/div>\n\t\t\t\t<\/div>\n\t\t\t\t<div class=\"elementor-element elementor-element-80b8911 elementor-widget elementor-widget-text-editor\" data-id=\"80b8911\" data-element_type=\"widget\" data-e-type=\"widget\" data-widget_type=\"text-editor.default\">\n\t\t\t\t<div class=\"elementor-widget-container\">\n\t\t\t\t\t\t\t\t\t<p>Jegliche Nutzung dieser Website und der von ihr angebotenen Dienste (wie z.B. Newsletter) setzt voraus, dass der Nutzer diese allgemeinen Bedingungen akzeptiert hat.<\/p><p>Alle Elemente dieser Website sind durch Gesetze zum Schutz geistigen Eigentums und insbesondere durch Urheberrechtsgesetze gesch\u00fctzt.<\/p><p>Kein Teil dieser Website, ob graphisch, ikonographisch, textlich, videographisch oder tontechnisch, darf ohne ausdr\u00fcckliche Genehmigung von CimArk SA, die die S.M.A.R.T. Confluence-Website verwaltet, kopiert, neu ver\u00f6ffentlicht, in einem Such- und Datenextraktionssystem gespeichert oder reproduziert werden, egal in welcher Form oder mit welchen Mitteln.\u00a0<\/p><p>CimArk SA ist bestrebt, auf ihrer Website genaue und aktuelle Informationen bereitzustellen. Dennoch kann sie keine Gew\u00e4hr f\u00fcr die Richtigkeit, Zuverl\u00e4ssigkeit und Vollst\u00e4ndigkeit der darin enthaltenen oder in Bezug genommenen Informationen \u00fcbernehmen.<\/p><p>Au\u00dferdem k\u00f6nnen Systemausf\u00e4lle wie Unterbrechungen, Virenbefall oder Datenverlust nicht ausgeschlossen werden.<\/p><p>Schlie\u00dflich beh\u00e4lt sich die CimArk Ltd. das Recht vor, ihre Website und die auf ihr ver\u00f6ffentlichten Informationen jederzeit und ohne vorherige Ank\u00fcndigung zu erg\u00e4nzen, zu \u00e4ndern oder zu l\u00f6schen.<\/p>\t\t\t\t\t\t\t\t<\/div>\n\t\t\t\t<\/div>\n\t\t\t\t<div class=\"elementor-element elementor-element-2167991 elementor-widget elementor-widget-heading\" data-id=\"2167991\" data-element_type=\"widget\" data-e-type=\"widget\" data-widget_type=\"heading.default\">\n\t\t\t\t<div class=\"elementor-widget-container\">\n\t\t\t\t\t<h2 class=\"elementor-heading-title elementor-size-default\">Anwesenheitsstatistik<\/h2>\t\t\t\t<\/div>\n\t\t\t\t<\/div>\n\t\t\t\t<div class=\"elementor-element elementor-element-4466afc elementor-widget elementor-widget-text-editor\" data-id=\"4466afc\" data-element_type=\"widget\" data-e-type=\"widget\" data-widget_type=\"text-editor.default\">\n\t\t\t\t<div class=\"elementor-widget-container\">\n\t\t\t\t\t\t\t\t\t<div class=\"elementor-element elementor-element-f204efc elementor-widget elementor-widget-heading\" data-id=\"f204efc\" data-element_type=\"widget\" data-widget_type=\"heading.default\"><p>Die Zugriffe auf die Seiten dieser Website werden zu statistischen Zwecken erfasst, um R\u00fcckschl\u00fcsse auf das Verhalten der Nutzer der Website zu erhalten. Diese Statistiken werden vollst\u00e4ndig anonymisiert erhoben. Diese Website benutzt Google Analytics, einen Webanalysedienst der Google Inc. (&#8222;Google&#8220;).<\/p><p>Google Analytics verwendet sog. &#8222;Cookies&#8220;, Textdateien, die auf Ihrem Computer gespeichert werden und die eine Analyse der Benutzung der Website durch Sie erm\u00f6glichen. Die durch den Cookie erzeugten Informationen \u00fcber Ihre Benutzung dieser Website (einschlie\u00dflich Ihrer IP-Adresse) wird an einen Server in den USA \u00fcbertragen und dort gespeichert. Zu diesen Daten geh\u00f6ren die IP-Adresse, die geografische Herkunft, das Datum des Besuchs, die Dauer des Besuchs, die aufgerufenen Seiten und die Reihenfolge der Seiten. Diese Informationen werden benutzt, um die Nutzung der Website auszuwerten, um Reports \u00fcber die Websiteaktivit\u00e4ten f\u00fcr die Websitebetreiber zusammenzustellen und um weitere mit der Websitenutzung und der Internetnutzung verbundene Dienstleistungen zu erbringen.<\/p><p>Auch wird Google diese Informationen gegebenenfalls an Dritte \u00fcbertragen, sofern dies gesetzlich vorgeschrieben oder soweit Dritte diese Daten im Auftrag von Google verarbeiten. Sie werden die IP-Adresse nicht mit anderen Daten in Verbindung bringen. Die Verwendung von Cookies kann durch entsprechende Browser-Einstellungen deaktiviert werden. Eine solche Deaktivierung kann jedoch die Nutzung bestimmter Funktionen dieser Website verhindern. Weitere Informationen finden Sie in den Google Analytics-Bedingungen.<\/p><\/div>\t\t\t\t\t\t\t\t<\/div>\n\t\t\t\t<\/div>\n\t\t\t\t<div class=\"elementor-element elementor-element-093ae2d elementor-widget elementor-widget-heading\" data-id=\"093ae2d\" data-element_type=\"widget\" data-e-type=\"widget\" data-widget_type=\"heading.default\">\n\t\t\t\t<div class=\"elementor-widget-container\">\n\t\t\t\t\t<h2 class=\"elementor-heading-title elementor-size-default\">Datensicherheit<\/h2>\t\t\t\t<\/div>\n\t\t\t\t<\/div>\n\t\t\t\t<div class=\"elementor-element elementor-element-8880c98 elementor-widget elementor-widget-text-editor\" data-id=\"8880c98\" data-element_type=\"widget\" data-e-type=\"widget\" data-widget_type=\"text-editor.default\">\n\t\t\t\t<div class=\"elementor-widget-container\">\n\t\t\t\t\t\t\t\t\t<p>Die CimArk SA und ihr technischer Partner haben angemessene organisatorische und technische Ma\u00dfnahmen getroffen, um zuf\u00e4llige oder vors\u00e4tzliche Manipulationen an dieser Website sowie Verlust, Zerst\u00f6rung von Daten oder unberechtigten Zugriff w\u00e4hrend der Nutzung zu verhindern.<\/p>\t\t\t\t\t\t\t\t<\/div>\n\t\t\t\t<\/div>\n\t\t\t\t<div class=\"elementor-element elementor-element-00575d0 elementor-widget elementor-widget-heading\" data-id=\"00575d0\" data-element_type=\"widget\" data-e-type=\"widget\" data-widget_type=\"heading.default\">\n\t\t\t\t<div class=\"elementor-widget-container\">\n\t\t\t\t\t<h2 class=\"elementor-heading-title elementor-size-default\">Schutz von personenbezogenen Daten<\/h2>\t\t\t\t<\/div>\n\t\t\t\t<\/div>\n\t\t\t\t<div class=\"elementor-element elementor-element-1717573 elementor-widget elementor-widget-text-editor\" data-id=\"1717573\" data-element_type=\"widget\" data-e-type=\"widget\" data-widget_type=\"text-editor.default\">\n\t\t\t\t<div class=\"elementor-widget-container\">\n\t\t\t\t\t\t\t\t\t<p>Personenbezogene Daten werden nur erhoben, wenn der Nutzer S.M.A.R.T. Confluence diese von sich aus mitteilt (\u00fcber CimArk SA) durch Ausf\u00fcllen eines Formulars auf der Website, insbesondere bei der Registrierung.<\/p><p>CimArk SA sammelt nur die Daten, die unbedingt notwendig sind, um die Dienstleistung zu erbringen.<\/p><p>Diese Daten werden ausschlie\u00dflich f\u00fcr die Abwicklung und Durchf\u00fchrung des Dienstes sowie f\u00fcr den Versand von Einladungen zu zuk\u00fcnftigen Veranstaltungen oder Newslettern verwendet (Abmeldung jederzeit mit einem Klick m\u00f6glich). Falls erforderlich, k\u00f6nnen sie an Dienstleister weitergegeben werden, die an der Ausf\u00fchrung der Dienstleistung beteiligt sind. Die so \u00fcbermittelten Daten d\u00fcrfen nur zur Durchf\u00fchrung des Dienstes verwendet werden. Eine andere Nutzung durch Dritte als CimArk SA ist nicht gestattet.<\/p><p>F\u00fcr weitere Informationen wenden Sie sich bitte per E-Mail an CimArk SA.<\/p>\t\t\t\t\t\t\t\t<\/div>\n\t\t\t\t<\/div>\n\t\t\t\t<\/div>\n\t\t\t\t\t<\/div>\n\t\t\t\t<\/div>\n\t\t\t\t<\/div>\n\t\t","protected":false},"excerpt":{"rendered":"<p>Nutzung der Website Jegliche Nutzung dieser Website und der von ihr angebotenen Dienste (wie z.B. Newsletter) setzt voraus, dass der Nutzer diese allgemeinen Bedingungen akzeptiert hat. Alle Elemente dieser Website sind durch Gesetze zum Schutz geistigen Eigentums und insbesondere durch Urheberrechtsgesetze gesch\u00fctzt. Kein Teil dieser Website, ob graphisch, ikonographisch, textlich, videographisch oder tontechnisch, darf ohne [&hellip;]<\/p>\n","protected":false},"author":14,"featured_media":0,"parent":0,"menu_order":0,"comment_status":"closed","ping_status":"closed","template":"","meta":{"_acf_changed":false,"footnotes":""},"class_list":["post-3564","page","type-page","status-publish","hentry"],"acf":[],"yoast_head":"<!-- This site is optimized with the Yoast SEO plugin v27.4 - https:\/\/yoast.com\/product\/yoast-seo-wordpress\/ -->\n<title>Datenschutz-Charta - SMART Confluence<\/title>\n<meta name=\"robots\" content=\"index, follow, max-snippet:-1, max-image-preview:large, max-video-preview:-1\" \/>\n<link rel=\"canonical\" href=\"https:\/\/smartconfluence.ch\/de\/datenschutz-charta\/\" \/>\n<meta property=\"og:locale\" content=\"de_DE\" \/>\n<meta property=\"og:type\" content=\"article\" \/>\n<meta property=\"og:title\" content=\"Datenschutz-Charta - SMART Confluence\" \/>\n<meta property=\"og:description\" content=\"Nutzung der Website Jegliche Nutzung dieser Website und der von ihr angebotenen Dienste (wie z.B. Newsletter) setzt voraus, dass der Nutzer diese allgemeinen Bedingungen akzeptiert hat. Alle Elemente dieser Website sind durch Gesetze zum Schutz geistigen Eigentums und insbesondere durch Urheberrechtsgesetze gesch\u00fctzt. Kein Teil dieser Website, ob graphisch, ikonographisch, textlich, videographisch oder tontechnisch, darf ohne [&hellip;]\" \/>\n<meta property=\"og:url\" content=\"https:\/\/smartconfluence.ch\/de\/datenschutz-charta\/\" \/>\n<meta property=\"og:site_name\" content=\"SMART Confluence\" \/>\n<meta property=\"article:modified_time\" content=\"2026-01-13T13:14:07+00:00\" \/>\n<meta name=\"twitter:card\" content=\"summary_large_image\" \/>\n<meta name=\"twitter:site\" content=\"@SmartConfluence\" \/>\n<meta name=\"twitter:label1\" content=\"Gesch\u00e4tzte Lesezeit\" \/>\n\t<meta name=\"twitter:data1\" content=\"3\u00a0Minuten\" \/>\n<script type=\"application\/ld+json\" class=\"yoast-schema-graph\">{\"@context\":\"https:\\\/\\\/schema.org\",\"@graph\":[{\"@type\":\"WebPage\",\"@id\":\"https:\\\/\\\/smartconfluence.ch\\\/de\\\/datenschutz-charta\\\/\",\"url\":\"https:\\\/\\\/smartconfluence.ch\\\/de\\\/datenschutz-charta\\\/\",\"name\":\"Datenschutz-Charta - SMART Confluence\",\"isPartOf\":{\"@id\":\"https:\\\/\\\/smartconfluence.ch\\\/de\\\/#website\"},\"datePublished\":\"2021-03-02T10:06:59+00:00\",\"dateModified\":\"2026-01-13T13:14:07+00:00\",\"breadcrumb\":{\"@id\":\"https:\\\/\\\/smartconfluence.ch\\\/de\\\/datenschutz-charta\\\/#breadcrumb\"},\"inLanguage\":\"de\",\"potentialAction\":[{\"@type\":\"ReadAction\",\"target\":[\"https:\\\/\\\/smartconfluence.ch\\\/de\\\/datenschutz-charta\\\/\"]}]},{\"@type\":\"BreadcrumbList\",\"@id\":\"https:\\\/\\\/smartconfluence.ch\\\/de\\\/datenschutz-charta\\\/#breadcrumb\",\"itemListElement\":[{\"@type\":\"ListItem\",\"position\":1,\"name\":\"Accueil\",\"item\":\"https:\\\/\\\/smartconfluence.ch\\\/de\\\/\"},{\"@type\":\"ListItem\",\"position\":2,\"name\":\"Datenschutz-Charta\"}]},{\"@type\":\"WebSite\",\"@id\":\"https:\\\/\\\/smartconfluence.ch\\\/de\\\/#website\",\"url\":\"https:\\\/\\\/smartconfluence.ch\\\/de\\\/\",\"name\":\"S.M.A.R.T. Confluence\",\"description\":\"Innovons ensemble dans la sant\u00e9 et le sport en Valais\",\"publisher\":{\"@id\":\"https:\\\/\\\/smartconfluence.ch\\\/de\\\/#organization\"},\"potentialAction\":[{\"@type\":\"SearchAction\",\"target\":{\"@type\":\"EntryPoint\",\"urlTemplate\":\"https:\\\/\\\/smartconfluence.ch\\\/de\\\/?s={search_term_string}\"},\"query-input\":{\"@type\":\"PropertyValueSpecification\",\"valueRequired\":true,\"valueName\":\"search_term_string\"}}],\"inLanguage\":\"de\"},{\"@type\":\"Organization\",\"@id\":\"https:\\\/\\\/smartconfluence.ch\\\/de\\\/#organization\",\"name\":\"S.M.A.R.T. Confluence\",\"url\":\"https:\\\/\\\/smartconfluence.ch\\\/de\\\/\",\"logo\":{\"@type\":\"ImageObject\",\"inLanguage\":\"de\",\"@id\":\"https:\\\/\\\/smartconfluence.ch\\\/de\\\/#\\\/schema\\\/logo\\\/image\\\/\",\"url\":\"https:\\\/\\\/smartconfluence.ch\\\/wp-content\\\/uploads\\\/2020\\\/11\\\/smartconfluence-logo.png\",\"contentUrl\":\"https:\\\/\\\/smartconfluence.ch\\\/wp-content\\\/uploads\\\/2020\\\/11\\\/smartconfluence-logo.png\",\"width\":200,\"height\":200,\"caption\":\"S.M.A.R.T. Confluence\"},\"image\":{\"@id\":\"https:\\\/\\\/smartconfluence.ch\\\/de\\\/#\\\/schema\\\/logo\\\/image\\\/\"},\"sameAs\":[\"https:\\\/\\\/x.com\\\/SmartConfluence\",\"https:\\\/\\\/www.linkedin.com\\\/company\\\/smart-confluence\",\"https:\\\/\\\/www.youtube.com\\\/channel\\\/UCouOaigXvIz1Pjhm8GuRqUA\"]}]}<\/script>\n<!-- \/ Yoast SEO plugin. -->","yoast_head_json":{"title":"Datenschutz-Charta - SMART Confluence","robots":{"index":"index","follow":"follow","max-snippet":"max-snippet:-1","max-image-preview":"max-image-preview:large","max-video-preview":"max-video-preview:-1"},"canonical":"https:\/\/smartconfluence.ch\/de\/datenschutz-charta\/","og_locale":"de_DE","og_type":"article","og_title":"Datenschutz-Charta - SMART Confluence","og_description":"Nutzung der Website Jegliche Nutzung dieser Website und der von ihr angebotenen Dienste (wie z.B. Newsletter) setzt voraus, dass der Nutzer diese allgemeinen Bedingungen akzeptiert hat. Alle Elemente dieser Website sind durch Gesetze zum Schutz geistigen Eigentums und insbesondere durch Urheberrechtsgesetze gesch\u00fctzt. Kein Teil dieser Website, ob graphisch, ikonographisch, textlich, videographisch oder tontechnisch, darf ohne [&hellip;]","og_url":"https:\/\/smartconfluence.ch\/de\/datenschutz-charta\/","og_site_name":"SMART Confluence","article_modified_time":"2026-01-13T13:14:07+00:00","twitter_card":"summary_large_image","twitter_site":"@SmartConfluence","twitter_misc":{"Gesch\u00e4tzte Lesezeit":"3\u00a0Minuten"},"schema":{"@context":"https:\/\/schema.org","@graph":[{"@type":"WebPage","@id":"https:\/\/smartconfluence.ch\/de\/datenschutz-charta\/","url":"https:\/\/smartconfluence.ch\/de\/datenschutz-charta\/","name":"Datenschutz-Charta - SMART Confluence","isPartOf":{"@id":"https:\/\/smartconfluence.ch\/de\/#website"},"datePublished":"2021-03-02T10:06:59+00:00","dateModified":"2026-01-13T13:14:07+00:00","breadcrumb":{"@id":"https:\/\/smartconfluence.ch\/de\/datenschutz-charta\/#breadcrumb"},"inLanguage":"de","potentialAction":[{"@type":"ReadAction","target":["https:\/\/smartconfluence.ch\/de\/datenschutz-charta\/"]}]},{"@type":"BreadcrumbList","@id":"https:\/\/smartconfluence.ch\/de\/datenschutz-charta\/#breadcrumb","itemListElement":[{"@type":"ListItem","position":1,"name":"Accueil","item":"https:\/\/smartconfluence.ch\/de\/"},{"@type":"ListItem","position":2,"name":"Datenschutz-Charta"}]},{"@type":"WebSite","@id":"https:\/\/smartconfluence.ch\/de\/#website","url":"https:\/\/smartconfluence.ch\/de\/","name":"S.M.A.R.T. Confluence","description":"Innovons ensemble dans la sant\u00e9 et le sport en Valais","publisher":{"@id":"https:\/\/smartconfluence.ch\/de\/#organization"},"potentialAction":[{"@type":"SearchAction","target":{"@type":"EntryPoint","urlTemplate":"https:\/\/smartconfluence.ch\/de\/?s={search_term_string}"},"query-input":{"@type":"PropertyValueSpecification","valueRequired":true,"valueName":"search_term_string"}}],"inLanguage":"de"},{"@type":"Organization","@id":"https:\/\/smartconfluence.ch\/de\/#organization","name":"S.M.A.R.T. Confluence","url":"https:\/\/smartconfluence.ch\/de\/","logo":{"@type":"ImageObject","inLanguage":"de","@id":"https:\/\/smartconfluence.ch\/de\/#\/schema\/logo\/image\/","url":"https:\/\/smartconfluence.ch\/wp-content\/uploads\/2020\/11\/smartconfluence-logo.png","contentUrl":"https:\/\/smartconfluence.ch\/wp-content\/uploads\/2020\/11\/smartconfluence-logo.png","width":200,"height":200,"caption":"S.M.A.R.T. Confluence"},"image":{"@id":"https:\/\/smartconfluence.ch\/de\/#\/schema\/logo\/image\/"},"sameAs":["https:\/\/x.com\/SmartConfluence","https:\/\/www.linkedin.com\/company\/smart-confluence","https:\/\/www.youtube.com\/channel\/UCouOaigXvIz1Pjhm8GuRqUA"]}]}},"_links":{"self":[{"href":"https:\/\/smartconfluence.ch\/de\/wp-json\/wp\/v2\/pages\/3564","targetHints":{"allow":["GET"]}}],"collection":[{"href":"https:\/\/smartconfluence.ch\/de\/wp-json\/wp\/v2\/pages"}],"about":[{"href":"https:\/\/smartconfluence.ch\/de\/wp-json\/wp\/v2\/types\/page"}],"author":[{"embeddable":true,"href":"https:\/\/smartconfluence.ch\/de\/wp-json\/wp\/v2\/users\/14"}],"replies":[{"embeddable":true,"href":"https:\/\/smartconfluence.ch\/de\/wp-json\/wp\/v2\/comments?post=3564"}],"version-history":[{"count":11,"href":"https:\/\/smartconfluence.ch\/de\/wp-json\/wp\/v2\/pages\/3564\/revisions"}],"predecessor-version":[{"id":11047,"href":"https:\/\/smartconfluence.ch\/de\/wp-json\/wp\/v2\/pages\/3564\/revisions\/11047"}],"wp:attachment":[{"href":"https:\/\/smartconfluence.ch\/de\/wp-json\/wp\/v2\/media?parent=3564"}],"curies":[{"name":"wp","href":"https:\/\/api.w.org\/{rel}","templated":true}]}}