{"id":10658,"date":"2026-01-08T17:53:18","date_gmt":"2026-01-08T16:53:18","guid":{"rendered":"https:\/\/smartconfluence.ch\/?page_id=10658"},"modified":"2026-01-14T10:15:31","modified_gmt":"2026-01-14T09:15:31","slug":"ueber-uns","status":"publish","type":"page","link":"https:\/\/smartconfluence.ch\/de\/ueber-uns\/","title":{"rendered":"\u00dcber uns"},"content":{"rendered":"\t\t<div data-elementor-type=\"wp-page\" data-elementor-id=\"10658\" class=\"elementor elementor-10658 elementor-10252\" data-elementor-post-type=\"page\">\n\t\t\t\t<section class=\"elementor-element elementor-element-d7cdb60 hero-page e-flex e-con-boxed e-con e-parent\" data-id=\"d7cdb60\" data-element_type=\"container\" data-e-type=\"container\">\n\t\t\t\t\t<div class=\"e-con-inner\">\n\t\t\t\t<div class=\"elementor-element elementor-element-94588a0 elementor-widget elementor-widget-heading\" data-id=\"94588a0\" data-element_type=\"widget\" data-e-type=\"widget\" data-widget_type=\"heading.default\">\n\t\t\t\t<div class=\"elementor-widget-container\">\n\t\t\t\t\t<h1 class=\"elementor-heading-title elementor-size-default\">\u00dcber uns<\/h1>\t\t\t\t<\/div>\n\t\t\t\t<\/div>\n\t\t\t\t<div class=\"elementor-element elementor-element-ff0d917 small-width elementor-widget elementor-widget-text-editor\" data-id=\"ff0d917\" data-element_type=\"widget\" data-e-type=\"widget\" data-widget_type=\"text-editor.default\">\n\t\t\t\t<div class=\"elementor-widget-container\">\n\t\t\t\t\t\t\t\t\t<p>SMART Confluence l\u00e4sst Projekte entstehen, testet sie und setzt sie um, um Gesundheit und Bewegung zu verbessern \u2013 f\u00fcr besseres Altern, bessere Rehabilitation und bessere Performance.<\/p>\n\t\t\t\t\t\t\t\t<\/div>\n\t\t\t\t<\/div>\n\t\t\t\t\t<\/div>\n\t\t\t\t<\/section>\n\t\t<section class=\"elementor-element elementor-element-4ecc2e2 twocols e-flex e-con-boxed e-con e-parent\" data-id=\"4ecc2e2\" data-element_type=\"container\" data-e-type=\"container\">\n\t\t\t\t\t<div class=\"e-con-inner\">\n\t\t<div class=\"elementor-element elementor-element-fa72482 e-con-full e-flex e-con e-child\" data-id=\"fa72482\" data-element_type=\"container\" data-e-type=\"container\">\n\t\t\t\t<div class=\"elementor-element elementor-element-ae1dee3 img-square elementor-widget elementor-widget-image\" data-id=\"ae1dee3\" data-element_type=\"widget\" data-e-type=\"widget\" data-widget_type=\"image.default\">\n\t\t\t\t<div class=\"elementor-widget-container\">\n\t\t\t\t\t\t\t\t\t\t\t\t\t\t\t<img fetchpriority=\"high\" decoding=\"async\" width=\"1024\" height=\"683\" src=\"https:\/\/smartconfluence.ch\/wp-content\/uploads\/2025\/12\/valais-1024x683.jpg\" class=\"attachment-large size-large wp-image-10510\" alt=\"\" srcset=\"https:\/\/smartconfluence.ch\/wp-content\/uploads\/2025\/12\/valais-1024x683.jpg 1024w, https:\/\/smartconfluence.ch\/wp-content\/uploads\/2025\/12\/valais-300x200.jpg 300w, https:\/\/smartconfluence.ch\/wp-content\/uploads\/2025\/12\/valais-768x512.jpg 768w, https:\/\/smartconfluence.ch\/wp-content\/uploads\/2025\/12\/valais.jpg 1200w\" sizes=\"(max-width: 1024px) 100vw, 1024px\" \/>\t\t\t\t\t\t\t\t\t\t\t\t\t\t\t<\/div>\n\t\t\t\t<\/div>\n\t\t\t\t<\/div>\n\t\t<div class=\"elementor-element elementor-element-e3a19f6 e-con-full e-flex e-con e-child\" data-id=\"e3a19f6\" data-element_type=\"container\" data-e-type=\"container\">\n\t\t\t\t<div class=\"elementor-element elementor-element-79180a6 elementor-widget elementor-widget-heading\" data-id=\"79180a6\" data-element_type=\"widget\" data-e-type=\"widget\" data-widget_type=\"heading.default\">\n\t\t\t\t<div class=\"elementor-widget-container\">\n\t\t\t\t\t<h2 class=\"elementor-heading-title elementor-size-default\">Im Wallis verankert, weltweit offen<\/h2>\t\t\t\t<\/div>\n\t\t\t\t<\/div>\n\t\t\t\t<div class=\"elementor-element elementor-element-cb2606a elementor-widget elementor-widget-text-editor\" data-id=\"cb2606a\" data-element_type=\"widget\" data-e-type=\"widget\" data-widget_type=\"text-editor.default\">\n\t\t\t\t<div class=\"elementor-widget-container\">\n\t\t\t\t\t\t\t\t\t<p>SMART Confluence ist das Walliser Innovations\u00f6kosystem f\u00fcr Gesundheit und Sport. Es ist zugleich:<\/p>\n\t\t\t\t\t\t\t\t<\/div>\n\t\t\t\t<\/div>\n\t\t\t\t<div class=\"elementor-element elementor-element-f5e60cf elementor-widget elementor-widget-text-editor\" data-id=\"f5e60cf\" data-element_type=\"widget\" data-e-type=\"widget\" data-widget_type=\"text-editor.default\">\n\t\t\t\t<div class=\"elementor-widget-container\">\n\t\t\t\t\t\t\t\t\t<p><strong>Ein interdisziplin\u00e4rer Kollaborationsraum<\/strong>,<br \/>in dem Forschende, Klinikerinnen und Kliniker, Ingenieurinnen und Ingenieure sowie Unternehmerinnen und Unternehmer zusammenarbeiten.<\/p>\n\t\t\t\t\t\t\t\t<\/div>\n\t\t\t\t<\/div>\n\t\t\t\t<div class=\"elementor-element elementor-element-5aa4739 elementor-widget elementor-widget-text-editor\" data-id=\"5aa4739\" data-element_type=\"widget\" data-e-type=\"widget\" data-widget_type=\"text-editor.default\">\n\t\t\t\t<div class=\"elementor-widget-container\">\n\t\t\t\t\t\t\t\t\t<p><strong>Eine lebendige Community<\/strong>,<br \/>getragen von konkreten Projekten und verbindenden Veranstaltungen.<\/p>\n\t\t\t\t\t\t\t\t<\/div>\n\t\t\t\t<\/div>\n\t\t\t\t<div class=\"elementor-element elementor-element-b341203 elementor-widget elementor-widget-text-editor\" data-id=\"b341203\" data-element_type=\"widget\" data-e-type=\"widget\" data-widget_type=\"text-editor.default\">\n\t\t\t\t<div class=\"elementor-widget-container\">\n\t\t\t\t\t\t\t\t\t<p><strong>Ein einzigartiger Hub in der Schweiz<\/strong>,<br \/>der Gesundheit, Sport, Wissenschaft und Technologie vereint, um n\u00fctzliche und nachhaltige L\u00f6sungen zu entwickeln.<\/p>\n\t\t\t\t\t\t\t\t<\/div>\n\t\t\t\t<\/div>\n\t\t\t\t<\/div>\n\t\t\t\t\t<\/div>\n\t\t\t\t<\/section>\n\t\t<section class=\"elementor-element elementor-element-b64f50e e-con-full e-flex e-con e-parent\" data-id=\"b64f50e\" data-element_type=\"container\" data-e-type=\"container\">\n\t\t<div class=\"elementor-element elementor-element-698738f e-con-full e-flex e-con e-child\" data-id=\"698738f\" data-element_type=\"container\" data-e-type=\"container\">\n\t\t<div class=\"elementor-element elementor-element-1636832 e-con-full e-flex e-con e-child\" data-id=\"1636832\" data-element_type=\"container\" data-e-type=\"container\" data-settings=\"{&quot;background_background&quot;:&quot;classic&quot;}\">\n\t\t\t\t<\/div>\n\t\t\t\t<div class=\"elementor-element elementor-element-805bea6 elementor-widget elementor-widget-heading\" data-id=\"805bea6\" data-element_type=\"widget\" data-e-type=\"widget\" data-widget_type=\"heading.default\">\n\t\t\t\t<div class=\"elementor-widget-container\">\n\t\t\t\t\t<h3 class=\"elementor-heading-title elementor-size-default\">Sport<\/h3>\t\t\t\t<\/div>\n\t\t\t\t<\/div>\n\t\t\t\t<div class=\"elementor-element elementor-element-7b69c5a elementor-widget elementor-widget-text-editor\" data-id=\"7b69c5a\" data-element_type=\"widget\" data-e-type=\"widget\" data-widget_type=\"text-editor.default\">\n\t\t\t\t<div class=\"elementor-widget-container\">\n\t\t\t\t\t\t\t\t\t<p class=\"p1\">und Technologien f\u00fcr die sportliche Bet\u00e4tigung<\/p>\n\t\t\t\t\t\t\t\t<\/div>\n\t\t\t\t<\/div>\n\t\t\t\t<\/div>\n\t\t<div class=\"elementor-element elementor-element-99d6263 e-con-full e-flex e-con e-child\" data-id=\"99d6263\" data-element_type=\"container\" data-e-type=\"container\">\n\t\t<div class=\"elementor-element elementor-element-7b0dd03 e-con-full e-flex e-con e-child\" data-id=\"7b0dd03\" data-element_type=\"container\" data-e-type=\"container\" data-settings=\"{&quot;background_background&quot;:&quot;classic&quot;}\">\n\t\t\t\t<\/div>\n\t\t\t\t<div class=\"elementor-element elementor-element-12afcfb elementor-widget elementor-widget-heading\" data-id=\"12afcfb\" data-element_type=\"widget\" data-e-type=\"widget\" data-widget_type=\"heading.default\">\n\t\t\t\t<div class=\"elementor-widget-container\">\n\t\t\t\t\t<h3 class=\"elementor-heading-title elementor-size-default\">Medizin<\/h3>\t\t\t\t<\/div>\n\t\t\t\t<\/div>\n\t\t\t\t<div class=\"elementor-element elementor-element-dc5aeb6 elementor-widget elementor-widget-text-editor\" data-id=\"dc5aeb6\" data-element_type=\"widget\" data-e-type=\"widget\" data-widget_type=\"text-editor.default\">\n\t\t\t\t<div class=\"elementor-widget-container\">\n\t\t\t\t\t\t\t\t\t<p class=\"p1\">Gebirgs- und Notfallmedizin<\/p>\n\t\t\t\t\t\t\t\t<\/div>\n\t\t\t\t<\/div>\n\t\t\t\t<\/div>\n\t\t<div class=\"elementor-element elementor-element-b47690a e-con-full e-flex e-con e-child\" data-id=\"b47690a\" data-element_type=\"container\" data-e-type=\"container\">\n\t\t<div class=\"elementor-element elementor-element-696eec5 e-con-full e-flex e-con e-child\" data-id=\"696eec5\" data-element_type=\"container\" data-e-type=\"container\" data-settings=\"{&quot;background_background&quot;:&quot;classic&quot;}\">\n\t\t\t\t<\/div>\n\t\t\t\t<div class=\"elementor-element elementor-element-b4b0d0d elementor-widget elementor-widget-heading\" data-id=\"b4b0d0d\" data-element_type=\"widget\" data-e-type=\"widget\" data-widget_type=\"heading.default\">\n\t\t\t\t<div class=\"elementor-widget-container\">\n\t\t\t\t\t<h3 class=\"elementor-heading-title elementor-size-default\">Altern<\/h3>\t\t\t\t<\/div>\n\t\t\t\t<\/div>\n\t\t\t\t<div class=\"elementor-element elementor-element-070bc9b elementor-widget elementor-widget-text-editor\" data-id=\"070bc9b\" data-element_type=\"widget\" data-e-type=\"widget\" data-widget_type=\"text-editor.default\">\n\t\t\t\t<div class=\"elementor-widget-container\">\n\t\t\t\t\t\t\t\t\t<p class=\"p1\">Assistive technologies, Altenpflege und -hilfe<\/p>\n\t\t\t\t\t\t\t\t<\/div>\n\t\t\t\t<\/div>\n\t\t\t\t<\/div>\n\t\t<div class=\"elementor-element elementor-element-342015b e-con-full e-flex e-con e-child\" data-id=\"342015b\" data-element_type=\"container\" data-e-type=\"container\">\n\t\t<div class=\"elementor-element elementor-element-76dfa1e e-con-full e-flex e-con e-child\" data-id=\"76dfa1e\" data-element_type=\"container\" data-e-type=\"container\" data-settings=\"{&quot;background_background&quot;:&quot;classic&quot;}\">\n\t\t\t\t<\/div>\n\t\t\t\t<div class=\"elementor-element elementor-element-50ffc22 elementor-widget elementor-widget-heading\" data-id=\"50ffc22\" data-element_type=\"widget\" data-e-type=\"widget\" data-widget_type=\"heading.default\">\n\t\t\t\t<div class=\"elementor-widget-container\">\n\t\t\t\t\t<h3 class=\"elementor-heading-title elementor-size-default\">Rehabilitation<\/h3>\t\t\t\t<\/div>\n\t\t\t\t<\/div>\n\t\t\t\t<div class=\"elementor-element elementor-element-178bb86 elementor-widget elementor-widget-text-editor\" data-id=\"178bb86\" data-element_type=\"widget\" data-e-type=\"widget\" data-widget_type=\"text-editor.default\">\n\t\t\t\t<div class=\"elementor-widget-container\">\n\t\t\t\t\t\t\t\t\t<p class=\"p1\">Physiotherapie und Wiedereingliederung<\/p>\n\t\t\t\t\t\t\t\t<\/div>\n\t\t\t\t<\/div>\n\t\t\t\t<\/div>\n\t\t<div class=\"elementor-element elementor-element-9e59f6c e-con-full e-flex e-con e-child\" data-id=\"9e59f6c\" data-element_type=\"container\" data-e-type=\"container\">\n\t\t<div class=\"elementor-element elementor-element-530ee4e e-con-full e-flex e-con e-child\" data-id=\"530ee4e\" data-element_type=\"container\" data-e-type=\"container\" data-settings=\"{&quot;background_background&quot;:&quot;classic&quot;}\">\n\t\t\t\t<\/div>\n\t\t\t\t<div class=\"elementor-element elementor-element-8a6b188 elementor-widget elementor-widget-heading\" data-id=\"8a6b188\" data-element_type=\"widget\" data-e-type=\"widget\" data-widget_type=\"heading.default\">\n\t\t\t\t<div class=\"elementor-widget-container\">\n\t\t\t\t\t<h3 class=\"elementor-heading-title elementor-size-default\">Traumatologie<\/h3>\t\t\t\t<\/div>\n\t\t\t\t<\/div>\n\t\t\t\t<div class=\"elementor-element elementor-element-59c9fb0 elementor-widget elementor-widget-text-editor\" data-id=\"59c9fb0\" data-element_type=\"widget\" data-e-type=\"widget\" data-widget_type=\"text-editor.default\">\n\t\t\t\t<div class=\"elementor-widget-container\">\n\t\t\t\t\t\t\t\t\t<p class=\"p1\">Betreuung und Nachsorge bei Unf\u00e4llen<\/p>\n\t\t\t\t\t\t\t\t<\/div>\n\t\t\t\t<\/div>\n\t\t\t\t<\/div>\n\t\t\t\t<\/section>\n\t\t<section class=\"elementor-element elementor-element-0d1e303 e-flex e-con-boxed e-con e-parent\" data-id=\"0d1e303\" data-element_type=\"container\" data-e-type=\"container\" data-settings=\"{&quot;background_background&quot;:&quot;classic&quot;}\">\n\t\t\t\t\t<div class=\"e-con-inner\">\n\t\t<div class=\"elementor-element elementor-element-e415e34 e-con-full e-flex e-con e-child\" data-id=\"e415e34\" data-element_type=\"container\" data-e-type=\"container\" data-settings=\"{&quot;background_background&quot;:&quot;classic&quot;}\">\n\t\t\t\t<div class=\"elementor-element elementor-element-096b07c elementor-widget elementor-widget-heading\" data-id=\"096b07c\" data-element_type=\"widget\" data-e-type=\"widget\" data-widget_type=\"heading.default\">\n\t\t\t\t<div class=\"elementor-widget-container\">\n\t\t\t\t\t<h2 class=\"elementor-heading-title elementor-size-default\">Unsere Ambition<\/h2>\t\t\t\t<\/div>\n\t\t\t\t<\/div>\n\t\t\t\t<div class=\"elementor-element elementor-element-7765fe0 elementor-widget elementor-widget-text-editor\" data-id=\"7765fe0\" data-element_type=\"widget\" data-e-type=\"widget\" data-widget_type=\"text-editor.default\">\n\t\t\t\t<div class=\"elementor-widget-container\">\n\t\t\t\t\t\t\t\t\t<p>Das Wallis zu einem Exzellenzstandort f\u00fcr Gesundheit und Sport machen. Wir wollen einen Ort schaffen, an dem Ideen zu greifbaren L\u00f6sungen werden, indem wir komplement\u00e4re Expertisen aus Wissenschaft, Technologie, Wirtschaft und Praxis zusammenf\u00fchren. Unser kollaboratives \u00d6kosystem zielt darauf ab, die Herausforderungen von morgen mit wirksamen, nachhaltigen und wirkungsstarken Antworten zu adressieren.<\/p>\n\t\t\t\t\t\t\t\t<\/div>\n\t\t\t\t<\/div>\n\t\t\t\t<\/div>\n\t\t<div class=\"elementor-element elementor-element-b4fdec2 e-con-full e-flex e-con e-child\" data-id=\"b4fdec2\" data-element_type=\"container\" data-e-type=\"container\" data-settings=\"{&quot;background_background&quot;:&quot;classic&quot;}\">\n\t\t\t\t<div class=\"elementor-element elementor-element-4a70235 elementor-widget elementor-widget-heading\" data-id=\"4a70235\" data-element_type=\"widget\" data-e-type=\"widget\" data-widget_type=\"heading.default\">\n\t\t\t\t<div class=\"elementor-widget-container\">\n\t\t\t\t\t<h2 class=\"elementor-heading-title elementor-size-default\">Unsere Missionen<\/h2>\t\t\t\t<\/div>\n\t\t\t\t<\/div>\n\t\t\t\t<div class=\"elementor-element elementor-element-82f13af elementor-widget elementor-widget-text-editor\" data-id=\"82f13af\" data-element_type=\"widget\" data-e-type=\"widget\" data-widget_type=\"text-editor.default\">\n\t\t\t\t<div class=\"elementor-widget-container\">\n\t\t\t\t\t\t\t\t\t<p>Die Zusammenarbeit erleichtern und die Entwicklung innovativer Projekte in den Bereichen Gesundheit und Sport unterst\u00fctzen. Akteure f\u00fcr Innovation, digitale Transformation und Nachhaltigkeit sensibilisieren. Ein f\u00f6rderliches Umfeld f\u00fcr Co-Creation bieten und Projekttr\u00e4gerinnen und Projekttr\u00e4ger in jeder Phase begleiten \u2013 von der Idee bis zur Umsetzung.<\/p>\n\t\t\t\t\t\t\t\t<\/div>\n\t\t\t\t<\/div>\n\t\t\t\t<\/div>\n\t\t\t\t\t<\/div>\n\t\t\t\t<\/section>\n\t\t<section class=\"elementor-element elementor-element-5fa43e3 e-flex e-con-boxed e-con e-parent\" data-id=\"5fa43e3\" data-element_type=\"container\" data-e-type=\"container\">\n\t\t\t\t\t<div class=\"e-con-inner\">\n\t\t\t\t<div class=\"elementor-element elementor-element-4c51c9d elementor-widget elementor-widget-video\" data-id=\"4c51c9d\" data-element_type=\"widget\" data-e-type=\"widget\" data-settings=\"{&quot;video_type&quot;:&quot;hosted&quot;,&quot;controls&quot;:&quot;yes&quot;}\" data-widget_type=\"video.default\">\n\t\t\t\t<div class=\"elementor-widget-container\">\n\t\t\t\t\t\t\t<div class=\"e-hosted-video elementor-wrapper elementor-open-inline\">\n\t\t\t\t\t<video class=\"elementor-video\" src=\"https:\/\/smartconfluence.ch\/wp-content\/uploads\/2026\/01\/NPR_finale_EN.mp4\" controls=\"\" preload=\"metadata\" controlsList=\"nodownload\" poster=\"https:\/\/smartconfluence.ch\/wp-content\/uploads\/2025\/12\/smart-miniature-video.jpg\"><\/video>\n\t\t\t\t<\/div>\n\t\t\t\t\t\t<\/div>\n\t\t\t\t<\/div>\n\t\t\t\t\t<\/div>\n\t\t\t\t<\/section>\n\t\t\t\t<\/div>\n\t\t","protected":false},"excerpt":{"rendered":"<p>\u00dcber uns SMART Confluence l\u00e4sst Projekte entstehen, testet sie und setzt sie um, um Gesundheit und Bewegung zu verbessern \u2013 f\u00fcr besseres Altern, bessere Rehabilitation und bessere Performance. Im Wallis verankert, weltweit offen SMART Confluence ist das Walliser Innovations\u00f6kosystem f\u00fcr Gesundheit und Sport. Es ist zugleich: Ein interdisziplin\u00e4rer Kollaborationsraum,in dem Forschende, Klinikerinnen und Kliniker, Ingenieurinnen [&hellip;]<\/p>\n","protected":false},"author":14,"featured_media":0,"parent":0,"menu_order":0,"comment_status":"closed","ping_status":"closed","template":"","meta":{"_acf_changed":false,"footnotes":""},"class_list":["post-10658","page","type-page","status-publish","hentry"],"acf":[],"yoast_head":"<!-- This site is optimized with the Yoast SEO plugin v27.3 - https:\/\/yoast.com\/product\/yoast-seo-wordpress\/ -->\n<title>\u00dcber uns - SMART Confluence<\/title>\n<meta name=\"description\" content=\"SMART Confluence entwickelt, testet und realisiert Projekte, die die Gesundheit und Bewegung verbessern.\" \/>\n<meta name=\"robots\" content=\"index, follow, max-snippet:-1, max-image-preview:large, max-video-preview:-1\" \/>\n<link rel=\"canonical\" href=\"https:\/\/smartconfluence.ch\/de\/ueber-uns\/\" \/>\n<meta property=\"og:locale\" content=\"de_DE\" \/>\n<meta property=\"og:type\" content=\"article\" \/>\n<meta property=\"og:title\" content=\"\u00dcber uns - SMART Confluence\" \/>\n<meta property=\"og:description\" content=\"SMART Confluence entwickelt, testet und realisiert Projekte, die die Gesundheit und Bewegung verbessern.\" \/>\n<meta property=\"og:url\" content=\"https:\/\/smartconfluence.ch\/de\/ueber-uns\/\" \/>\n<meta property=\"og:site_name\" content=\"SMART Confluence\" \/>\n<meta property=\"article:modified_time\" content=\"2026-01-14T09:15:31+00:00\" \/>\n<meta property=\"og:image\" content=\"https:\/\/smartconfluence.ch\/wp-content\/uploads\/2025\/12\/valais.jpg\" \/>\n\t<meta property=\"og:image:width\" content=\"1200\" \/>\n\t<meta property=\"og:image:height\" content=\"800\" \/>\n\t<meta property=\"og:image:type\" content=\"image\/jpeg\" \/>\n<meta name=\"twitter:card\" content=\"summary_large_image\" \/>\n<meta name=\"twitter:site\" content=\"@SmartConfluence\" \/>\n<meta name=\"twitter:label1\" content=\"Gesch\u00e4tzte Lesezeit\" \/>\n\t<meta name=\"twitter:data1\" content=\"2\u00a0Minuten\" \/>\n<script type=\"application\/ld+json\" class=\"yoast-schema-graph\">{\"@context\":\"https:\\\/\\\/schema.org\",\"@graph\":[{\"@type\":\"WebPage\",\"@id\":\"https:\\\/\\\/smartconfluence.ch\\\/de\\\/ueber-uns\\\/\",\"url\":\"https:\\\/\\\/smartconfluence.ch\\\/de\\\/ueber-uns\\\/\",\"name\":\"\u00dcber uns - SMART Confluence\",\"isPartOf\":{\"@id\":\"https:\\\/\\\/smartconfluence.ch\\\/de\\\/#website\"},\"primaryImageOfPage\":{\"@id\":\"https:\\\/\\\/smartconfluence.ch\\\/de\\\/ueber-uns\\\/#primaryimage\"},\"image\":{\"@id\":\"https:\\\/\\\/smartconfluence.ch\\\/de\\\/ueber-uns\\\/#primaryimage\"},\"thumbnailUrl\":\"https:\\\/\\\/smartconfluence.ch\\\/wp-content\\\/uploads\\\/2025\\\/12\\\/valais-1024x683.jpg\",\"datePublished\":\"2026-01-08T16:53:18+00:00\",\"dateModified\":\"2026-01-14T09:15:31+00:00\",\"description\":\"SMART Confluence entwickelt, testet und realisiert Projekte, die die Gesundheit und Bewegung verbessern.\",\"breadcrumb\":{\"@id\":\"https:\\\/\\\/smartconfluence.ch\\\/de\\\/ueber-uns\\\/#breadcrumb\"},\"inLanguage\":\"de\",\"potentialAction\":[{\"@type\":\"ReadAction\",\"target\":[\"https:\\\/\\\/smartconfluence.ch\\\/de\\\/ueber-uns\\\/\"]}]},{\"@type\":\"ImageObject\",\"inLanguage\":\"de\",\"@id\":\"https:\\\/\\\/smartconfluence.ch\\\/de\\\/ueber-uns\\\/#primaryimage\",\"url\":\"https:\\\/\\\/smartconfluence.ch\\\/wp-content\\\/uploads\\\/2025\\\/12\\\/valais-1024x683.jpg\",\"contentUrl\":\"https:\\\/\\\/smartconfluence.ch\\\/wp-content\\\/uploads\\\/2025\\\/12\\\/valais-1024x683.jpg\"},{\"@type\":\"BreadcrumbList\",\"@id\":\"https:\\\/\\\/smartconfluence.ch\\\/de\\\/ueber-uns\\\/#breadcrumb\",\"itemListElement\":[{\"@type\":\"ListItem\",\"position\":1,\"name\":\"Accueil\",\"item\":\"https:\\\/\\\/smartconfluence.ch\\\/de\\\/\"},{\"@type\":\"ListItem\",\"position\":2,\"name\":\"\u00dcber uns\"}]},{\"@type\":\"WebSite\",\"@id\":\"https:\\\/\\\/smartconfluence.ch\\\/de\\\/#website\",\"url\":\"https:\\\/\\\/smartconfluence.ch\\\/de\\\/\",\"name\":\"S.M.A.R.T. Confluence\",\"description\":\"Innovons ensemble dans la sant\u00e9 et le sport en Valais\",\"publisher\":{\"@id\":\"https:\\\/\\\/smartconfluence.ch\\\/de\\\/#organization\"},\"potentialAction\":[{\"@type\":\"SearchAction\",\"target\":{\"@type\":\"EntryPoint\",\"urlTemplate\":\"https:\\\/\\\/smartconfluence.ch\\\/de\\\/?s={search_term_string}\"},\"query-input\":{\"@type\":\"PropertyValueSpecification\",\"valueRequired\":true,\"valueName\":\"search_term_string\"}}],\"inLanguage\":\"de\"},{\"@type\":\"Organization\",\"@id\":\"https:\\\/\\\/smartconfluence.ch\\\/de\\\/#organization\",\"name\":\"S.M.A.R.T. Confluence\",\"url\":\"https:\\\/\\\/smartconfluence.ch\\\/de\\\/\",\"logo\":{\"@type\":\"ImageObject\",\"inLanguage\":\"de\",\"@id\":\"https:\\\/\\\/smartconfluence.ch\\\/de\\\/#\\\/schema\\\/logo\\\/image\\\/\",\"url\":\"https:\\\/\\\/smartconfluence.ch\\\/wp-content\\\/uploads\\\/2020\\\/11\\\/smartconfluence-logo.png\",\"contentUrl\":\"https:\\\/\\\/smartconfluence.ch\\\/wp-content\\\/uploads\\\/2020\\\/11\\\/smartconfluence-logo.png\",\"width\":200,\"height\":200,\"caption\":\"S.M.A.R.T. Confluence\"},\"image\":{\"@id\":\"https:\\\/\\\/smartconfluence.ch\\\/de\\\/#\\\/schema\\\/logo\\\/image\\\/\"},\"sameAs\":[\"https:\\\/\\\/x.com\\\/SmartConfluence\",\"https:\\\/\\\/www.linkedin.com\\\/company\\\/smart-confluence\",\"https:\\\/\\\/www.youtube.com\\\/channel\\\/UCouOaigXvIz1Pjhm8GuRqUA\"]}]}<\/script>\n<!-- \/ Yoast SEO plugin. -->","yoast_head_json":{"title":"\u00dcber uns - SMART Confluence","description":"SMART Confluence entwickelt, testet und realisiert Projekte, die die Gesundheit und Bewegung verbessern.","robots":{"index":"index","follow":"follow","max-snippet":"max-snippet:-1","max-image-preview":"max-image-preview:large","max-video-preview":"max-video-preview:-1"},"canonical":"https:\/\/smartconfluence.ch\/de\/ueber-uns\/","og_locale":"de_DE","og_type":"article","og_title":"\u00dcber uns - SMART Confluence","og_description":"SMART Confluence entwickelt, testet und realisiert Projekte, die die Gesundheit und Bewegung verbessern.","og_url":"https:\/\/smartconfluence.ch\/de\/ueber-uns\/","og_site_name":"SMART Confluence","article_modified_time":"2026-01-14T09:15:31+00:00","og_image":[{"width":1200,"height":800,"url":"https:\/\/smartconfluence.ch\/wp-content\/uploads\/2025\/12\/valais.jpg","type":"image\/jpeg"}],"twitter_card":"summary_large_image","twitter_site":"@SmartConfluence","twitter_misc":{"Gesch\u00e4tzte Lesezeit":"2\u00a0Minuten"},"schema":{"@context":"https:\/\/schema.org","@graph":[{"@type":"WebPage","@id":"https:\/\/smartconfluence.ch\/de\/ueber-uns\/","url":"https:\/\/smartconfluence.ch\/de\/ueber-uns\/","name":"\u00dcber uns - SMART Confluence","isPartOf":{"@id":"https:\/\/smartconfluence.ch\/de\/#website"},"primaryImageOfPage":{"@id":"https:\/\/smartconfluence.ch\/de\/ueber-uns\/#primaryimage"},"image":{"@id":"https:\/\/smartconfluence.ch\/de\/ueber-uns\/#primaryimage"},"thumbnailUrl":"https:\/\/smartconfluence.ch\/wp-content\/uploads\/2025\/12\/valais-1024x683.jpg","datePublished":"2026-01-08T16:53:18+00:00","dateModified":"2026-01-14T09:15:31+00:00","description":"SMART Confluence entwickelt, testet und realisiert Projekte, die die Gesundheit und Bewegung verbessern.","breadcrumb":{"@id":"https:\/\/smartconfluence.ch\/de\/ueber-uns\/#breadcrumb"},"inLanguage":"de","potentialAction":[{"@type":"ReadAction","target":["https:\/\/smartconfluence.ch\/de\/ueber-uns\/"]}]},{"@type":"ImageObject","inLanguage":"de","@id":"https:\/\/smartconfluence.ch\/de\/ueber-uns\/#primaryimage","url":"https:\/\/smartconfluence.ch\/wp-content\/uploads\/2025\/12\/valais-1024x683.jpg","contentUrl":"https:\/\/smartconfluence.ch\/wp-content\/uploads\/2025\/12\/valais-1024x683.jpg"},{"@type":"BreadcrumbList","@id":"https:\/\/smartconfluence.ch\/de\/ueber-uns\/#breadcrumb","itemListElement":[{"@type":"ListItem","position":1,"name":"Accueil","item":"https:\/\/smartconfluence.ch\/de\/"},{"@type":"ListItem","position":2,"name":"\u00dcber uns"}]},{"@type":"WebSite","@id":"https:\/\/smartconfluence.ch\/de\/#website","url":"https:\/\/smartconfluence.ch\/de\/","name":"S.M.A.R.T. Confluence","description":"Innovons ensemble dans la sant\u00e9 et le sport en Valais","publisher":{"@id":"https:\/\/smartconfluence.ch\/de\/#organization"},"potentialAction":[{"@type":"SearchAction","target":{"@type":"EntryPoint","urlTemplate":"https:\/\/smartconfluence.ch\/de\/?s={search_term_string}"},"query-input":{"@type":"PropertyValueSpecification","valueRequired":true,"valueName":"search_term_string"}}],"inLanguage":"de"},{"@type":"Organization","@id":"https:\/\/smartconfluence.ch\/de\/#organization","name":"S.M.A.R.T. Confluence","url":"https:\/\/smartconfluence.ch\/de\/","logo":{"@type":"ImageObject","inLanguage":"de","@id":"https:\/\/smartconfluence.ch\/de\/#\/schema\/logo\/image\/","url":"https:\/\/smartconfluence.ch\/wp-content\/uploads\/2020\/11\/smartconfluence-logo.png","contentUrl":"https:\/\/smartconfluence.ch\/wp-content\/uploads\/2020\/11\/smartconfluence-logo.png","width":200,"height":200,"caption":"S.M.A.R.T. Confluence"},"image":{"@id":"https:\/\/smartconfluence.ch\/de\/#\/schema\/logo\/image\/"},"sameAs":["https:\/\/x.com\/SmartConfluence","https:\/\/www.linkedin.com\/company\/smart-confluence","https:\/\/www.youtube.com\/channel\/UCouOaigXvIz1Pjhm8GuRqUA"]}]}},"_links":{"self":[{"href":"https:\/\/smartconfluence.ch\/de\/wp-json\/wp\/v2\/pages\/10658","targetHints":{"allow":["GET"]}}],"collection":[{"href":"https:\/\/smartconfluence.ch\/de\/wp-json\/wp\/v2\/pages"}],"about":[{"href":"https:\/\/smartconfluence.ch\/de\/wp-json\/wp\/v2\/types\/page"}],"author":[{"embeddable":true,"href":"https:\/\/smartconfluence.ch\/de\/wp-json\/wp\/v2\/users\/14"}],"replies":[{"embeddable":true,"href":"https:\/\/smartconfluence.ch\/de\/wp-json\/wp\/v2\/comments?post=10658"}],"version-history":[{"count":3,"href":"https:\/\/smartconfluence.ch\/de\/wp-json\/wp\/v2\/pages\/10658\/revisions"}],"predecessor-version":[{"id":10860,"href":"https:\/\/smartconfluence.ch\/de\/wp-json\/wp\/v2\/pages\/10658\/revisions\/10860"}],"wp:attachment":[{"href":"https:\/\/smartconfluence.ch\/de\/wp-json\/wp\/v2\/media?parent=10658"}],"curies":[{"name":"wp","href":"https:\/\/api.w.org\/{rel}","templated":true}]}}