{"id":10656,"date":"2026-01-08T17:53:19","date_gmt":"2026-01-08T16:53:19","guid":{"rendered":"https:\/\/smartconfluence.ch\/?page_id=10656"},"modified":"2026-04-07T16:08:03","modified_gmt":"2026-04-07T14:08:03","slug":"projektaufruf","status":"publish","type":"page","link":"https:\/\/smartconfluence.ch\/de\/projektaufruf\/","title":{"rendered":"Projektaufruf"},"content":{"rendered":"\t\t<div data-elementor-type=\"wp-page\" data-elementor-id=\"10656\" class=\"elementor elementor-10656 elementor-10250\" data-elementor-post-type=\"page\">\n\t\t\t\t<section class=\"elementor-element elementor-element-69603f4 hero-page e-flex e-con-boxed e-con e-parent\" data-id=\"69603f4\" data-element_type=\"container\" data-e-type=\"container\">\n\t\t\t\t\t<div class=\"e-con-inner\">\n\t\t\t\t<div class=\"elementor-element elementor-element-e02521b elementor-widget elementor-widget-heading\" data-id=\"e02521b\" data-element_type=\"widget\" data-e-type=\"widget\" data-widget_type=\"heading.default\">\n\t\t\t\t<div class=\"elementor-widget-container\">\n\t\t\t\t\t<h1 class=\"elementor-heading-title elementor-size-default\">Nehmen Sie an den SMART-Projektaufrufen teil<\/h1>\t\t\t\t<\/div>\n\t\t\t\t<\/div>\n\t\t\t\t<div class=\"elementor-element elementor-element-9744b43 small-width elementor-widget elementor-widget-text-editor\" data-id=\"9744b43\" data-element_type=\"widget\" data-e-type=\"widget\" data-widget_type=\"text-editor.default\">\n\t\t\t\t<div class=\"elementor-widget-container\">\n\t\t\t\t\t\t\t\t\t<p>Die SMART-Projektaufrufe zielen darauf ab, innovative Initiativen in den Bereichen Gesundheit und Sport zu identifizieren, zu unterst\u00fctzen und in ihrer Entwicklung zu beschleunigen.<\/p>\n\t\t\t\t\t\t\t\t<\/div>\n\t\t\t\t<\/div>\n\t\t\t\t\t<\/div>\n\t\t\t\t<\/section>\n\t\t<section class=\"elementor-element elementor-element-8c21576 twocols e-flex e-con-boxed e-con e-parent\" data-id=\"8c21576\" data-element_type=\"container\" data-e-type=\"container\">\n\t\t\t\t\t<div class=\"e-con-inner\">\n\t\t<div class=\"elementor-element elementor-element-43e32ac e-con-full e-flex e-con e-child\" data-id=\"43e32ac\" data-element_type=\"container\" data-e-type=\"container\">\n\t\t\t\t<div class=\"elementor-element elementor-element-fac43a6 img-square elementor-widget elementor-widget-image\" data-id=\"fac43a6\" data-element_type=\"widget\" data-e-type=\"widget\" data-widget_type=\"image.default\">\n\t\t\t\t<div class=\"elementor-widget-container\">\n\t\t\t\t\t\t\t\t\t\t\t\t\t\t\t<img fetchpriority=\"high\" decoding=\"async\" width=\"1024\" height=\"683\" src=\"https:\/\/smartconfluence.ch\/wp-content\/uploads\/2025\/12\/brainstorming-1024x683.jpg\" class=\"attachment-large size-large wp-image-10503\" alt=\"\" srcset=\"https:\/\/smartconfluence.ch\/wp-content\/uploads\/2025\/12\/brainstorming-1024x683.jpg 1024w, https:\/\/smartconfluence.ch\/wp-content\/uploads\/2025\/12\/brainstorming-300x200.jpg 300w, https:\/\/smartconfluence.ch\/wp-content\/uploads\/2025\/12\/brainstorming-768x512.jpg 768w, https:\/\/smartconfluence.ch\/wp-content\/uploads\/2025\/12\/brainstorming.jpg 1200w\" sizes=\"(max-width: 1024px) 100vw, 1024px\" \/>\t\t\t\t\t\t\t\t\t\t\t\t\t\t\t<\/div>\n\t\t\t\t<\/div>\n\t\t\t\t<\/div>\n\t\t<div class=\"elementor-element elementor-element-0372337 e-con-full e-flex e-con e-child\" data-id=\"0372337\" data-element_type=\"container\" data-e-type=\"container\">\n\t\t\t\t<div class=\"elementor-element elementor-element-25c05db elementor-widget elementor-widget-heading\" data-id=\"25c05db\" data-element_type=\"widget\" data-e-type=\"widget\" data-widget_type=\"heading.default\">\n\t\t\t\t<div class=\"elementor-widget-container\">\n\t\t\t\t\t<h2 class=\"elementor-heading-title elementor-size-default\">Worum geht es?<\/h2>\t\t\t\t<\/div>\n\t\t\t\t<\/div>\n\t\t\t\t<div class=\"elementor-element elementor-element-343d862 elementor-widget elementor-widget-text-editor\" data-id=\"343d862\" data-element_type=\"widget\" data-e-type=\"widget\" data-widget_type=\"text-editor.default\">\n\t\t\t\t<div class=\"elementor-widget-container\">\n\t\t\t\t\t\t\t\t\t<p>Sie bieten Projekttr\u00e4gerinnen und Projekttr\u00e4gern die M\u00f6glichkeit, von strategischer Begleitung, technischen Ressourcen und gezielten Finanzierungen zu profitieren, um Ideen in konkrete L\u00f6sungen zu \u00fcberf\u00fchren.<\/p>\n\t\t\t\t\t\t\t\t<\/div>\n\t\t\t\t<\/div>\n\t\t\t\t<\/div>\n\t\t\t\t\t<\/div>\n\t\t\t\t<\/section>\n\t\t<section class=\"elementor-element elementor-element-765d134 twocols e-flex e-con-boxed e-con e-parent\" data-id=\"765d134\" data-element_type=\"container\" data-e-type=\"container\">\n\t\t\t\t\t<div class=\"e-con-inner\">\n\t\t<div class=\"elementor-element elementor-element-4fedfee e-con-full e-flex e-con e-child\" data-id=\"4fedfee\" data-element_type=\"container\" data-e-type=\"container\">\n\t\t\t\t<div class=\"elementor-element elementor-element-29c281e elementor-widget elementor-widget-heading\" data-id=\"29c281e\" data-element_type=\"widget\" data-e-type=\"widget\" data-widget_type=\"heading.default\">\n\t\t\t\t<div class=\"elementor-widget-container\">\n\t\t\t\t\t<h2 class=\"elementor-heading-title elementor-size-default\">Wer kann teilnehmen?<\/h2>\t\t\t\t<\/div>\n\t\t\t\t<\/div>\n\t\t\t\t<div class=\"elementor-element elementor-element-92b6fbe elementor-widget elementor-widget-text-editor\" data-id=\"92b6fbe\" data-element_type=\"widget\" data-e-type=\"widget\" data-widget_type=\"text-editor.default\">\n\t\t\t\t<div class=\"elementor-widget-container\">\n\t\t\t\t\t\t\t\t\t<p>Die Projektaufrufe richten sich an Forschende, Start-ups, KMU und institutionelle Akteure. Sie f\u00f6rdern die Zusammenarbeit zwischen Disziplinen sowie die Umsetzung von Projekten mit hohem Impact f\u00fcr Patientinnen und Patienten, die Bev\u00f6lkerung und Sporttreibende aller Leistungsstufen.<\/p>\n\t\t\t\t\t\t\t\t<\/div>\n\t\t\t\t<\/div>\n\t\t\t\t<\/div>\n\t\t<div class=\"elementor-element elementor-element-ae37927 e-con-full e-flex e-con e-child\" data-id=\"ae37927\" data-element_type=\"container\" data-e-type=\"container\">\n\t\t\t\t<div class=\"elementor-element elementor-element-93a5e09 img-square elementor-widget elementor-widget-image\" data-id=\"93a5e09\" data-element_type=\"widget\" data-e-type=\"widget\" data-widget_type=\"image.default\">\n\t\t\t\t<div class=\"elementor-widget-container\">\n\t\t\t\t\t\t\t\t\t\t\t\t\t\t\t<img decoding=\"async\" width=\"1024\" height=\"683\" src=\"https:\/\/smartconfluence.ch\/wp-content\/uploads\/2025\/12\/travail-ordinateur-1024x683.jpg\" class=\"attachment-large size-large wp-image-10505\" alt=\"\" srcset=\"https:\/\/smartconfluence.ch\/wp-content\/uploads\/2025\/12\/travail-ordinateur-1024x683.jpg 1024w, https:\/\/smartconfluence.ch\/wp-content\/uploads\/2025\/12\/travail-ordinateur-300x200.jpg 300w, https:\/\/smartconfluence.ch\/wp-content\/uploads\/2025\/12\/travail-ordinateur-768x512.jpg 768w, https:\/\/smartconfluence.ch\/wp-content\/uploads\/2025\/12\/travail-ordinateur.jpg 1200w\" sizes=\"(max-width: 1024px) 100vw, 1024px\" \/>\t\t\t\t\t\t\t\t\t\t\t\t\t\t\t<\/div>\n\t\t\t\t<\/div>\n\t\t\t\t<\/div>\n\t\t\t\t\t<\/div>\n\t\t\t\t<\/section>\n\t\t<section class=\"elementor-element elementor-element-33205fa e-flex e-con-boxed e-con e-parent\" data-id=\"33205fa\" data-element_type=\"container\" data-e-type=\"container\">\n\t\t\t\t\t<div class=\"e-con-inner\">\n\t\t\t\t<div class=\"elementor-element elementor-element-1bbad57 elementor-widget elementor-widget-heading\" data-id=\"1bbad57\" data-element_type=\"widget\" data-e-type=\"widget\" data-widget_type=\"heading.default\">\n\t\t\t\t<div class=\"elementor-widget-container\">\n\t\t\t\t\t<h2 class=\"elementor-heading-title elementor-size-default\">Unsere Projektaufrufe<\/h2>\t\t\t\t<\/div>\n\t\t\t\t<\/div>\n\t\t<section class=\"elementor-element elementor-element-0430ce5 e-con-full e-flex e-con e-child\" data-id=\"0430ce5\" data-element_type=\"container\" data-e-type=\"container\">\n\t\t<div class=\"elementor-element elementor-element-b785a75 e-con-full e-flex e-con e-child\" data-id=\"b785a75\" data-element_type=\"container\" data-e-type=\"container\" data-settings=\"{&quot;background_background&quot;:&quot;classic&quot;}\">\n\t\t<div class=\"elementor-element elementor-element-c12718e e-con-full e-flex e-con e-child\" data-id=\"c12718e\" data-element_type=\"container\" data-e-type=\"container\" data-settings=\"{&quot;background_background&quot;:&quot;classic&quot;}\">\n\t\t\t\t<\/div>\n\t\t<div class=\"elementor-element elementor-element-c788c96 e-con-full e-flex e-con e-child\" data-id=\"c788c96\" data-element_type=\"container\" data-e-type=\"container\">\n\t\t\t\t<div class=\"elementor-element elementor-element-13b7039 elementor-widget elementor-widget-heading\" data-id=\"13b7039\" data-element_type=\"widget\" data-e-type=\"widget\" data-widget_type=\"heading.default\">\n\t\t\t\t<div class=\"elementor-widget-container\">\n\t\t\t\t\t<h3 class=\"elementor-heading-title elementor-size-default\">SMART Challenge<\/h3>\t\t\t\t<\/div>\n\t\t\t\t<\/div>\n\t\t\t\t<div class=\"elementor-element elementor-element-5b3be6a elementor-widget elementor-widget-text-editor\" data-id=\"5b3be6a\" data-element_type=\"widget\" data-e-type=\"widget\" data-widget_type=\"text-editor.default\">\n\t\t\t\t<div class=\"elementor-widget-container\">\n\t\t\t\t\t\t\t\t\t<p>Die SMART Challenge wird lanciert und von den innovativen Akteuren unseres \u00d6kosystems unterst\u00fctzt. Dieser L\u00f6sungsaufruf zielt darauf ab, das Entstehen innovativer Ans\u00e4tze zu f\u00f6rdern und den Gesundheits- und Sportsektor zu Innovation und Diversifikation zu ermutigen.<\/p>\n\t\t\t\t\t\t\t\t<\/div>\n\t\t\t\t<\/div>\n\t\t\t\t<div class=\"elementor-element elementor-element-86bb479 elementor-widget elementor-widget-button\" data-id=\"86bb479\" data-element_type=\"widget\" data-e-type=\"widget\" data-widget_type=\"button.default\">\n\t\t\t\t<div class=\"elementor-widget-container\">\n\t\t\t\t\t\t\t\t\t<div class=\"elementor-button-wrapper\">\n\t\t\t\t\t<a class=\"elementor-button elementor-button-link elementor-size-sm\" href=\"https:\/\/smartconfluence.ch\/de\/smartchallenge\/\">\n\t\t\t\t\t\t<span class=\"elementor-button-content-wrapper\">\n\t\t\t\t\t\t\t\t\t<span class=\"elementor-button-text\">mehr erfahren<\/span>\n\t\t\t\t\t<\/span>\n\t\t\t\t\t<\/a>\n\t\t\t\t<\/div>\n\t\t\t\t\t\t\t\t<\/div>\n\t\t\t\t<\/div>\n\t\t\t\t<\/div>\n\t\t\t\t<\/div>\n\t\t<div class=\"elementor-element elementor-element-41a6a21 e-con-full e-flex e-con e-child\" data-id=\"41a6a21\" data-element_type=\"container\" data-e-type=\"container\" data-settings=\"{&quot;background_background&quot;:&quot;classic&quot;}\">\n\t\t<div class=\"elementor-element elementor-element-ad16f36 e-con-full e-flex e-con e-child\" data-id=\"ad16f36\" data-element_type=\"container\" data-e-type=\"container\" data-settings=\"{&quot;background_background&quot;:&quot;classic&quot;}\">\n\t\t\t\t<\/div>\n\t\t<div class=\"elementor-element elementor-element-6280231 e-con-full e-flex e-con e-child\" data-id=\"6280231\" data-element_type=\"container\" data-e-type=\"container\">\n\t\t\t\t<div class=\"elementor-element elementor-element-a336936 elementor-widget elementor-widget-heading\" data-id=\"a336936\" data-element_type=\"widget\" data-e-type=\"widget\" data-widget_type=\"heading.default\">\n\t\t\t\t<div class=\"elementor-widget-container\">\n\t\t\t\t\t<h3 class=\"elementor-heading-title elementor-size-default\">SpArk LAB<\/h3>\t\t\t\t<\/div>\n\t\t\t\t<\/div>\n\t\t\t\t<div class=\"elementor-element elementor-element-4f4f693 elementor-widget elementor-widget-text-editor\" data-id=\"4f4f693\" data-element_type=\"widget\" data-e-type=\"widget\" data-widget_type=\"text-editor.default\">\n\t\t\t\t<div class=\"elementor-widget-container\">\n\t\t\t\t\t\t\t\t\t<p>Das SpArk LAB ist ein L\u00f6sungsaufruf, der Projekttr\u00e4gerinnen und Projekttr\u00e4gern erm\u00f6glicht, ihre L\u00f6sung oder ihr Konzept unter realen Bedingungen zu erproben, und Sportveranstaltungsorganisationen die M\u00f6glichkeit gibt, zu echten Innovationslaboren zu werden.<\/p>\n\t\t\t\t\t\t\t\t<\/div>\n\t\t\t\t<\/div>\n\t\t\t\t<div class=\"elementor-element elementor-element-5525b41 elementor-widget elementor-widget-button\" data-id=\"5525b41\" data-element_type=\"widget\" data-e-type=\"widget\" data-widget_type=\"button.default\">\n\t\t\t\t<div class=\"elementor-widget-container\">\n\t\t\t\t\t\t\t\t\t<div class=\"elementor-button-wrapper\">\n\t\t\t\t\t<a class=\"elementor-button elementor-button-link elementor-size-sm\" href=\"https:\/\/spark-valais.ch\/de\/sparklab\/\">\n\t\t\t\t\t\t<span class=\"elementor-button-content-wrapper\">\n\t\t\t\t\t\t\t\t\t<span class=\"elementor-button-text\">mehr erfahren<\/span>\n\t\t\t\t\t<\/span>\n\t\t\t\t\t<\/a>\n\t\t\t\t<\/div>\n\t\t\t\t\t\t\t\t<\/div>\n\t\t\t\t<\/div>\n\t\t\t\t<\/div>\n\t\t\t\t<\/div>\n\t\t\t\t<\/section>\n\t\t\t\t\t<\/div>\n\t\t\t\t<\/section>\n\t\t\t\t<\/div>\n\t\t","protected":false},"excerpt":{"rendered":"<p>Nehmen Sie an den SMART-Projektaufrufen teil Die SMART-Projektaufrufe zielen darauf ab, innovative Initiativen in den Bereichen Gesundheit und Sport zu identifizieren, zu unterst\u00fctzen und in ihrer Entwicklung zu beschleunigen. Worum geht es? Sie bieten Projekttr\u00e4gerinnen und Projekttr\u00e4gern die M\u00f6glichkeit, von strategischer Begleitung, technischen Ressourcen und gezielten Finanzierungen zu profitieren, um Ideen in konkrete L\u00f6sungen zu [&hellip;]<\/p>\n","protected":false},"author":14,"featured_media":0,"parent":0,"menu_order":0,"comment_status":"closed","ping_status":"closed","template":"","meta":{"_acf_changed":false,"footnotes":""},"class_list":["post-10656","page","type-page","status-publish","hentry"],"acf":[],"yoast_head":"<!-- This site is optimized with the Yoast SEO plugin v27.4 - https:\/\/yoast.com\/product\/yoast-seo-wordpress\/ -->\n<title>Projektaufruf - SMART Confluence<\/title>\n<meta name=\"robots\" content=\"index, follow, max-snippet:-1, max-image-preview:large, max-video-preview:-1\" \/>\n<link rel=\"canonical\" href=\"https:\/\/smartconfluence.ch\/de\/projektaufruf\/\" \/>\n<meta property=\"og:locale\" content=\"de_DE\" \/>\n<meta property=\"og:type\" content=\"article\" \/>\n<meta property=\"og:title\" content=\"Projektaufruf - SMART Confluence\" \/>\n<meta property=\"og:description\" content=\"Nehmen Sie an den SMART-Projektaufrufen teil Die SMART-Projektaufrufe zielen darauf ab, innovative Initiativen in den Bereichen Gesundheit und Sport zu identifizieren, zu unterst\u00fctzen und in ihrer Entwicklung zu beschleunigen. Worum geht es? Sie bieten Projekttr\u00e4gerinnen und Projekttr\u00e4gern die M\u00f6glichkeit, von strategischer Begleitung, technischen Ressourcen und gezielten Finanzierungen zu profitieren, um Ideen in konkrete L\u00f6sungen zu [&hellip;]\" \/>\n<meta property=\"og:url\" content=\"https:\/\/smartconfluence.ch\/de\/projektaufruf\/\" \/>\n<meta property=\"og:site_name\" content=\"SMART Confluence\" \/>\n<meta property=\"article:modified_time\" content=\"2026-04-07T14:08:03+00:00\" \/>\n<meta property=\"og:image\" content=\"https:\/\/smartconfluence.ch\/wp-content\/uploads\/2025\/12\/brainstorming-1024x683.jpg\" \/>\n<meta name=\"twitter:card\" content=\"summary_large_image\" \/>\n<meta name=\"twitter:site\" content=\"@SmartConfluence\" \/>\n<meta name=\"twitter:label1\" content=\"Gesch\u00e4tzte Lesezeit\" \/>\n\t<meta name=\"twitter:data1\" content=\"2\u00a0Minuten\" \/>\n<script type=\"application\/ld+json\" class=\"yoast-schema-graph\">{\"@context\":\"https:\\\/\\\/schema.org\",\"@graph\":[{\"@type\":\"WebPage\",\"@id\":\"https:\\\/\\\/smartconfluence.ch\\\/de\\\/projektaufruf\\\/\",\"url\":\"https:\\\/\\\/smartconfluence.ch\\\/de\\\/projektaufruf\\\/\",\"name\":\"Projektaufruf - SMART Confluence\",\"isPartOf\":{\"@id\":\"https:\\\/\\\/smartconfluence.ch\\\/de\\\/#website\"},\"primaryImageOfPage\":{\"@id\":\"https:\\\/\\\/smartconfluence.ch\\\/de\\\/projektaufruf\\\/#primaryimage\"},\"image\":{\"@id\":\"https:\\\/\\\/smartconfluence.ch\\\/de\\\/projektaufruf\\\/#primaryimage\"},\"thumbnailUrl\":\"https:\\\/\\\/smartconfluence.ch\\\/wp-content\\\/uploads\\\/2025\\\/12\\\/brainstorming-1024x683.jpg\",\"datePublished\":\"2026-01-08T16:53:19+00:00\",\"dateModified\":\"2026-04-07T14:08:03+00:00\",\"breadcrumb\":{\"@id\":\"https:\\\/\\\/smartconfluence.ch\\\/de\\\/projektaufruf\\\/#breadcrumb\"},\"inLanguage\":\"de\",\"potentialAction\":[{\"@type\":\"ReadAction\",\"target\":[\"https:\\\/\\\/smartconfluence.ch\\\/de\\\/projektaufruf\\\/\"]}]},{\"@type\":\"ImageObject\",\"inLanguage\":\"de\",\"@id\":\"https:\\\/\\\/smartconfluence.ch\\\/de\\\/projektaufruf\\\/#primaryimage\",\"url\":\"https:\\\/\\\/smartconfluence.ch\\\/wp-content\\\/uploads\\\/2025\\\/12\\\/brainstorming-1024x683.jpg\",\"contentUrl\":\"https:\\\/\\\/smartconfluence.ch\\\/wp-content\\\/uploads\\\/2025\\\/12\\\/brainstorming-1024x683.jpg\"},{\"@type\":\"BreadcrumbList\",\"@id\":\"https:\\\/\\\/smartconfluence.ch\\\/de\\\/projektaufruf\\\/#breadcrumb\",\"itemListElement\":[{\"@type\":\"ListItem\",\"position\":1,\"name\":\"Accueil\",\"item\":\"https:\\\/\\\/smartconfluence.ch\\\/de\\\/\"},{\"@type\":\"ListItem\",\"position\":2,\"name\":\"Projektaufruf\"}]},{\"@type\":\"WebSite\",\"@id\":\"https:\\\/\\\/smartconfluence.ch\\\/de\\\/#website\",\"url\":\"https:\\\/\\\/smartconfluence.ch\\\/de\\\/\",\"name\":\"S.M.A.R.T. Confluence\",\"description\":\"Innovons ensemble dans la sant\u00e9 et le sport en Valais\",\"publisher\":{\"@id\":\"https:\\\/\\\/smartconfluence.ch\\\/de\\\/#organization\"},\"potentialAction\":[{\"@type\":\"SearchAction\",\"target\":{\"@type\":\"EntryPoint\",\"urlTemplate\":\"https:\\\/\\\/smartconfluence.ch\\\/de\\\/?s={search_term_string}\"},\"query-input\":{\"@type\":\"PropertyValueSpecification\",\"valueRequired\":true,\"valueName\":\"search_term_string\"}}],\"inLanguage\":\"de\"},{\"@type\":\"Organization\",\"@id\":\"https:\\\/\\\/smartconfluence.ch\\\/de\\\/#organization\",\"name\":\"S.M.A.R.T. Confluence\",\"url\":\"https:\\\/\\\/smartconfluence.ch\\\/de\\\/\",\"logo\":{\"@type\":\"ImageObject\",\"inLanguage\":\"de\",\"@id\":\"https:\\\/\\\/smartconfluence.ch\\\/de\\\/#\\\/schema\\\/logo\\\/image\\\/\",\"url\":\"https:\\\/\\\/smartconfluence.ch\\\/wp-content\\\/uploads\\\/2020\\\/11\\\/smartconfluence-logo.png\",\"contentUrl\":\"https:\\\/\\\/smartconfluence.ch\\\/wp-content\\\/uploads\\\/2020\\\/11\\\/smartconfluence-logo.png\",\"width\":200,\"height\":200,\"caption\":\"S.M.A.R.T. Confluence\"},\"image\":{\"@id\":\"https:\\\/\\\/smartconfluence.ch\\\/de\\\/#\\\/schema\\\/logo\\\/image\\\/\"},\"sameAs\":[\"https:\\\/\\\/x.com\\\/SmartConfluence\",\"https:\\\/\\\/www.linkedin.com\\\/company\\\/smart-confluence\",\"https:\\\/\\\/www.youtube.com\\\/channel\\\/UCouOaigXvIz1Pjhm8GuRqUA\"]}]}<\/script>\n<!-- \/ Yoast SEO plugin. -->","yoast_head_json":{"title":"Projektaufruf - SMART Confluence","robots":{"index":"index","follow":"follow","max-snippet":"max-snippet:-1","max-image-preview":"max-image-preview:large","max-video-preview":"max-video-preview:-1"},"canonical":"https:\/\/smartconfluence.ch\/de\/projektaufruf\/","og_locale":"de_DE","og_type":"article","og_title":"Projektaufruf - SMART Confluence","og_description":"Nehmen Sie an den SMART-Projektaufrufen teil Die SMART-Projektaufrufe zielen darauf ab, innovative Initiativen in den Bereichen Gesundheit und Sport zu identifizieren, zu unterst\u00fctzen und in ihrer Entwicklung zu beschleunigen. Worum geht es? Sie bieten Projekttr\u00e4gerinnen und Projekttr\u00e4gern die M\u00f6glichkeit, von strategischer Begleitung, technischen Ressourcen und gezielten Finanzierungen zu profitieren, um Ideen in konkrete L\u00f6sungen zu [&hellip;]","og_url":"https:\/\/smartconfluence.ch\/de\/projektaufruf\/","og_site_name":"SMART Confluence","article_modified_time":"2026-04-07T14:08:03+00:00","og_image":[{"url":"https:\/\/smartconfluence.ch\/wp-content\/uploads\/2025\/12\/brainstorming-1024x683.jpg","type":"","width":"","height":""}],"twitter_card":"summary_large_image","twitter_site":"@SmartConfluence","twitter_misc":{"Gesch\u00e4tzte Lesezeit":"2\u00a0Minuten"},"schema":{"@context":"https:\/\/schema.org","@graph":[{"@type":"WebPage","@id":"https:\/\/smartconfluence.ch\/de\/projektaufruf\/","url":"https:\/\/smartconfluence.ch\/de\/projektaufruf\/","name":"Projektaufruf - SMART Confluence","isPartOf":{"@id":"https:\/\/smartconfluence.ch\/de\/#website"},"primaryImageOfPage":{"@id":"https:\/\/smartconfluence.ch\/de\/projektaufruf\/#primaryimage"},"image":{"@id":"https:\/\/smartconfluence.ch\/de\/projektaufruf\/#primaryimage"},"thumbnailUrl":"https:\/\/smartconfluence.ch\/wp-content\/uploads\/2025\/12\/brainstorming-1024x683.jpg","datePublished":"2026-01-08T16:53:19+00:00","dateModified":"2026-04-07T14:08:03+00:00","breadcrumb":{"@id":"https:\/\/smartconfluence.ch\/de\/projektaufruf\/#breadcrumb"},"inLanguage":"de","potentialAction":[{"@type":"ReadAction","target":["https:\/\/smartconfluence.ch\/de\/projektaufruf\/"]}]},{"@type":"ImageObject","inLanguage":"de","@id":"https:\/\/smartconfluence.ch\/de\/projektaufruf\/#primaryimage","url":"https:\/\/smartconfluence.ch\/wp-content\/uploads\/2025\/12\/brainstorming-1024x683.jpg","contentUrl":"https:\/\/smartconfluence.ch\/wp-content\/uploads\/2025\/12\/brainstorming-1024x683.jpg"},{"@type":"BreadcrumbList","@id":"https:\/\/smartconfluence.ch\/de\/projektaufruf\/#breadcrumb","itemListElement":[{"@type":"ListItem","position":1,"name":"Accueil","item":"https:\/\/smartconfluence.ch\/de\/"},{"@type":"ListItem","position":2,"name":"Projektaufruf"}]},{"@type":"WebSite","@id":"https:\/\/smartconfluence.ch\/de\/#website","url":"https:\/\/smartconfluence.ch\/de\/","name":"S.M.A.R.T. Confluence","description":"Innovons ensemble dans la sant\u00e9 et le sport en Valais","publisher":{"@id":"https:\/\/smartconfluence.ch\/de\/#organization"},"potentialAction":[{"@type":"SearchAction","target":{"@type":"EntryPoint","urlTemplate":"https:\/\/smartconfluence.ch\/de\/?s={search_term_string}"},"query-input":{"@type":"PropertyValueSpecification","valueRequired":true,"valueName":"search_term_string"}}],"inLanguage":"de"},{"@type":"Organization","@id":"https:\/\/smartconfluence.ch\/de\/#organization","name":"S.M.A.R.T. Confluence","url":"https:\/\/smartconfluence.ch\/de\/","logo":{"@type":"ImageObject","inLanguage":"de","@id":"https:\/\/smartconfluence.ch\/de\/#\/schema\/logo\/image\/","url":"https:\/\/smartconfluence.ch\/wp-content\/uploads\/2020\/11\/smartconfluence-logo.png","contentUrl":"https:\/\/smartconfluence.ch\/wp-content\/uploads\/2020\/11\/smartconfluence-logo.png","width":200,"height":200,"caption":"S.M.A.R.T. Confluence"},"image":{"@id":"https:\/\/smartconfluence.ch\/de\/#\/schema\/logo\/image\/"},"sameAs":["https:\/\/x.com\/SmartConfluence","https:\/\/www.linkedin.com\/company\/smart-confluence","https:\/\/www.youtube.com\/channel\/UCouOaigXvIz1Pjhm8GuRqUA"]}]}},"_links":{"self":[{"href":"https:\/\/smartconfluence.ch\/de\/wp-json\/wp\/v2\/pages\/10656","targetHints":{"allow":["GET"]}}],"collection":[{"href":"https:\/\/smartconfluence.ch\/de\/wp-json\/wp\/v2\/pages"}],"about":[{"href":"https:\/\/smartconfluence.ch\/de\/wp-json\/wp\/v2\/types\/page"}],"author":[{"embeddable":true,"href":"https:\/\/smartconfluence.ch\/de\/wp-json\/wp\/v2\/users\/14"}],"replies":[{"embeddable":true,"href":"https:\/\/smartconfluence.ch\/de\/wp-json\/wp\/v2\/comments?post=10656"}],"version-history":[{"count":11,"href":"https:\/\/smartconfluence.ch\/de\/wp-json\/wp\/v2\/pages\/10656\/revisions"}],"predecessor-version":[{"id":13897,"href":"https:\/\/smartconfluence.ch\/de\/wp-json\/wp\/v2\/pages\/10656\/revisions\/13897"}],"wp:attachment":[{"href":"https:\/\/smartconfluence.ch\/de\/wp-json\/wp\/v2\/media?parent=10656"}],"curies":[{"name":"wp","href":"https:\/\/api.w.org\/{rel}","templated":true}]}}