{"id":10650,"date":"2026-01-08T17:53:19","date_gmt":"2026-01-08T16:53:19","guid":{"rendered":"https:\/\/smartconfluence.ch\/?page_id=10650"},"modified":"2026-03-24T14:46:43","modified_gmt":"2026-03-24T13:46:43","slug":"community","status":"publish","type":"page","link":"https:\/\/smartconfluence.ch\/de\/community\/","title":{"rendered":"Community"},"content":{"rendered":"\t\t<div data-elementor-type=\"wp-page\" data-elementor-id=\"10650\" class=\"elementor elementor-10650 elementor-10254\" data-elementor-post-type=\"page\">\n\t\t\t\t<section class=\"elementor-element elementor-element-5281822 hero-page e-flex e-con-boxed e-con e-parent\" data-id=\"5281822\" data-element_type=\"container\" data-e-type=\"container\">\n\t\t\t\t\t<div class=\"e-con-inner\">\n\t\t\t\t<div class=\"elementor-element elementor-element-9831941 elementor-widget elementor-widget-heading\" data-id=\"9831941\" data-element_type=\"widget\" data-e-type=\"widget\" data-widget_type=\"heading.default\">\n\t\t\t\t<div class=\"elementor-widget-container\">\n\t\t\t\t\t<h1 class=\"elementor-heading-title elementor-size-default\">Eine innovative Community<\/h1>\t\t\t\t<\/div>\n\t\t\t\t<\/div>\n\t\t\t\t<div class=\"elementor-element elementor-element-9b90f0a small-width elementor-widget elementor-widget-text-editor\" data-id=\"9b90f0a\" data-element_type=\"widget\" data-e-type=\"widget\" data-widget_type=\"text-editor.default\">\n\t\t\t\t<div class=\"elementor-widget-container\">\n\t\t\t\t\t\t\t\t\t<p>Entdecken Sie die Vielfalt der Akteurinnen und Akteure, die das SMART-Confluence-\u00d6kosystem bilden. Dieses breite Spektrum an Walliser Kompetenzen tr\u00e4gt t\u00e4glich zur Innovation im Bereich Gesundheit und Sport bei.<\/p>\n\t\t\t\t\t\t\t\t<\/div>\n\t\t\t\t<\/div>\n\t\t\t\t<div class=\"elementor-element elementor-element-7b2c52f elementor-widget elementor-widget-button\" data-id=\"7b2c52f\" data-element_type=\"widget\" data-e-type=\"widget\" data-widget_type=\"button.default\">\n\t\t\t\t<div class=\"elementor-widget-container\">\n\t\t\t\t\t\t\t\t\t<div class=\"elementor-button-wrapper\">\n\t\t\t\t\t<a class=\"elementor-button elementor-button-link elementor-size-sm\" href=\"https:\/\/smartconfluence.ch\/de\/beitreten\/\">\n\t\t\t\t\t\t<span class=\"elementor-button-content-wrapper\">\n\t\t\t\t\t\t\t\t\t<span class=\"elementor-button-text\">Dem \u00d6kosystem beitreten<\/span>\n\t\t\t\t\t<\/span>\n\t\t\t\t\t<\/a>\n\t\t\t\t<\/div>\n\t\t\t\t\t\t\t\t<\/div>\n\t\t\t\t<\/div>\n\t\t\t\t\t<\/div>\n\t\t\t\t<\/section>\n\t\t<section class=\"elementor-element elementor-element-05f0b2e e-con-full e-flex e-con e-parent\" data-id=\"05f0b2e\" data-element_type=\"container\" data-e-type=\"container\">\n\t\t<div class=\"elementor-element elementor-element-86fa02f e-con-full e-flex e-con e-child\" data-id=\"86fa02f\" data-element_type=\"container\" data-e-type=\"container\">\n\t\t\t\t<div class=\"elementor-element elementor-element-3d2edf7 elementor-widget elementor-widget-shortcode\" data-id=\"3d2edf7\" data-element_type=\"widget\" data-e-type=\"widget\" data-widget_type=\"shortcode.default\">\n\t\t\t\t<div class=\"elementor-widget-container\">\n\t\t\t\t\t\t\t<div class=\"elementor-shortcode\"><div id=\"ecosysteme-smartconfluence-app\"><\/div><\/div>\n\t\t\t\t\t\t<\/div>\n\t\t\t\t<\/div>\n\t\t\t\t<\/div>\n\t\t\t\t<\/section>\n\t\t<section class=\"elementor-element elementor-element-209ad67 twocols e-flex e-con-boxed e-con e-parent\" data-id=\"209ad67\" data-element_type=\"container\" data-e-type=\"container\">\n\t\t\t\t\t<div class=\"e-con-inner\">\n\t\t<div class=\"elementor-element elementor-element-fc5789f e-con-full e-flex e-con e-child\" data-id=\"fc5789f\" data-element_type=\"container\" data-e-type=\"container\">\n\t\t\t\t<div class=\"elementor-element elementor-element-35d0e2e elementor-widget elementor-widget-heading\" data-id=\"35d0e2e\" data-element_type=\"widget\" data-e-type=\"widget\" data-widget_type=\"heading.default\">\n\t\t\t\t<div class=\"elementor-widget-container\">\n\t\t\t\t\t<h2 class=\"elementor-heading-title elementor-size-default\">Teil des SMART-\u00d6kosystems werden<\/h2>\t\t\t\t<\/div>\n\t\t\t\t<\/div>\n\t\t\t\t<div class=\"elementor-element elementor-element-d6bb5e3 elementor-widget elementor-widget-text-editor\" data-id=\"d6bb5e3\" data-element_type=\"widget\" data-e-type=\"widget\" data-widget_type=\"text-editor.default\">\n\t\t\t\t<div class=\"elementor-widget-container\">\n\t\t\t\t\t\t\t\t\t<p>Teil des SMART-\u00d6kosystems zu sein bedeutet, einem f\u00fchrenden klinischen, industriellen und akademischen Netzwerk anzugeh\u00f6ren und Zugang zu Co-Development-M\u00f6glichkeiten sowie gezielter Unterst\u00fctzung f\u00fcr Ihre innovativen Projekte zu erhalten. Zudem profitieren Sie von Finanzierungszug\u00e4ngen, neuen M\u00e4rkten und einer erh\u00f6hten Sichtbarkeit auf kantonaler, nationaler und internationaler Ebene.<\/p>\n\t\t\t\t\t\t\t\t<\/div>\n\t\t\t\t<\/div>\n\t\t\t\t<div class=\"elementor-element elementor-element-246d337 elementor-widget elementor-widget-button\" data-id=\"246d337\" data-element_type=\"widget\" data-e-type=\"widget\" data-widget_type=\"button.default\">\n\t\t\t\t<div class=\"elementor-widget-container\">\n\t\t\t\t\t\t\t\t\t<div class=\"elementor-button-wrapper\">\n\t\t\t\t\t<a class=\"elementor-button elementor-button-link elementor-size-sm\" href=\"https:\/\/smartconfluence.ch\/de\/beitreten\/\">\n\t\t\t\t\t\t<span class=\"elementor-button-content-wrapper\">\n\t\t\t\t\t\t\t\t\t<span class=\"elementor-button-text\">Dem \u00d6kosystem beitreten<\/span>\n\t\t\t\t\t<\/span>\n\t\t\t\t\t<\/a>\n\t\t\t\t<\/div>\n\t\t\t\t\t\t\t\t<\/div>\n\t\t\t\t<\/div>\n\t\t\t\t<\/div>\n\t\t<div class=\"elementor-element elementor-element-be69383 e-con-full e-flex e-con e-child\" data-id=\"be69383\" data-element_type=\"container\" data-e-type=\"container\">\n\t\t\t\t<div class=\"elementor-element elementor-element-b8a7144 img-square elementor-widget elementor-widget-image\" data-id=\"b8a7144\" data-element_type=\"widget\" data-e-type=\"widget\" data-widget_type=\"image.default\">\n\t\t\t\t<div class=\"elementor-widget-container\">\n\t\t\t\t\t\t\t\t\t\t\t\t\t\t\t<img fetchpriority=\"high\" decoding=\"async\" width=\"1024\" height=\"731\" src=\"https:\/\/smartconfluence.ch\/wp-content\/uploads\/2025\/12\/rejoindre-1024x731.jpg\" class=\"attachment-large size-large wp-image-10547\" alt=\"\" srcset=\"https:\/\/smartconfluence.ch\/wp-content\/uploads\/2025\/12\/rejoindre-1024x731.jpg 1024w, https:\/\/smartconfluence.ch\/wp-content\/uploads\/2025\/12\/rejoindre-300x214.jpg 300w, https:\/\/smartconfluence.ch\/wp-content\/uploads\/2025\/12\/rejoindre-768x548.jpg 768w, https:\/\/smartconfluence.ch\/wp-content\/uploads\/2025\/12\/rejoindre.jpg 1200w\" sizes=\"(max-width: 1024px) 100vw, 1024px\" \/>\t\t\t\t\t\t\t\t\t\t\t\t\t\t\t<\/div>\n\t\t\t\t<\/div>\n\t\t\t\t<\/div>\n\t\t\t\t\t<\/div>\n\t\t\t\t<\/section>\n\t\t\t\t<\/div>\n\t\t","protected":false},"excerpt":{"rendered":"<p>Eine innovative Community Entdecken Sie die Vielfalt der Akteurinnen und Akteure, die das SMART-Confluence-\u00d6kosystem bilden. Dieses breite Spektrum an Walliser Kompetenzen tr\u00e4gt t\u00e4glich zur Innovation im Bereich Gesundheit und Sport bei. Dem \u00d6kosystem beitreten Teil des SMART-\u00d6kosystems werden Teil des SMART-\u00d6kosystems zu sein bedeutet, einem f\u00fchrenden klinischen, industriellen und akademischen Netzwerk anzugeh\u00f6ren und Zugang zu [&hellip;]<\/p>\n","protected":false},"author":14,"featured_media":0,"parent":0,"menu_order":0,"comment_status":"closed","ping_status":"closed","template":"","meta":{"_acf_changed":false,"footnotes":""},"class_list":["post-10650","page","type-page","status-publish","hentry"],"acf":[],"yoast_head":"<!-- This site is optimized with the Yoast SEO plugin v27.3 - https:\/\/yoast.com\/product\/yoast-seo-wordpress\/ -->\n<title>Community - SMART Confluence<\/title>\n<meta name=\"description\" content=\"Eine innovative Community. Entdecken Sie die Vielfalt der Akteure, die das SMART-\u00d6kosystem ausmachen.\" \/>\n<meta name=\"robots\" content=\"index, follow, max-snippet:-1, max-image-preview:large, max-video-preview:-1\" \/>\n<link rel=\"canonical\" href=\"https:\/\/smartconfluence.ch\/de\/community\/\" \/>\n<meta property=\"og:locale\" content=\"de_DE\" \/>\n<meta property=\"og:type\" content=\"article\" \/>\n<meta property=\"og:title\" content=\"Community - SMART Confluence\" \/>\n<meta property=\"og:description\" content=\"Eine innovative Community. Entdecken Sie die Vielfalt der Akteure, die das SMART-\u00d6kosystem ausmachen.\" \/>\n<meta property=\"og:url\" content=\"https:\/\/smartconfluence.ch\/de\/community\/\" \/>\n<meta property=\"og:site_name\" content=\"SMART Confluence\" \/>\n<meta property=\"article:modified_time\" content=\"2026-03-24T13:46:43+00:00\" \/>\n<meta property=\"og:image\" content=\"https:\/\/smartconfluence.ch\/wp-content\/uploads\/2025\/12\/rejoindre.jpg\" \/>\n\t<meta property=\"og:image:width\" content=\"1200\" \/>\n\t<meta property=\"og:image:height\" content=\"857\" \/>\n\t<meta property=\"og:image:type\" content=\"image\/jpeg\" \/>\n<meta name=\"twitter:card\" content=\"summary_large_image\" \/>\n<meta name=\"twitter:site\" content=\"@SmartConfluence\" \/>\n<meta name=\"twitter:label1\" content=\"Gesch\u00e4tzte Lesezeit\" \/>\n\t<meta name=\"twitter:data1\" content=\"1\u00a0Minute\" \/>\n<script type=\"application\/ld+json\" class=\"yoast-schema-graph\">{\"@context\":\"https:\\\/\\\/schema.org\",\"@graph\":[{\"@type\":\"WebPage\",\"@id\":\"https:\\\/\\\/smartconfluence.ch\\\/de\\\/community\\\/\",\"url\":\"https:\\\/\\\/smartconfluence.ch\\\/de\\\/community\\\/\",\"name\":\"Community - SMART Confluence\",\"isPartOf\":{\"@id\":\"https:\\\/\\\/smartconfluence.ch\\\/de\\\/#website\"},\"primaryImageOfPage\":{\"@id\":\"https:\\\/\\\/smartconfluence.ch\\\/de\\\/community\\\/#primaryimage\"},\"image\":{\"@id\":\"https:\\\/\\\/smartconfluence.ch\\\/de\\\/community\\\/#primaryimage\"},\"thumbnailUrl\":\"https:\\\/\\\/smartconfluence.ch\\\/wp-content\\\/uploads\\\/2025\\\/12\\\/rejoindre-1024x731.jpg\",\"datePublished\":\"2026-01-08T16:53:19+00:00\",\"dateModified\":\"2026-03-24T13:46:43+00:00\",\"description\":\"Eine innovative Community. Entdecken Sie die Vielfalt der Akteure, die das SMART-\u00d6kosystem ausmachen.\",\"breadcrumb\":{\"@id\":\"https:\\\/\\\/smartconfluence.ch\\\/de\\\/community\\\/#breadcrumb\"},\"inLanguage\":\"de\",\"potentialAction\":[{\"@type\":\"ReadAction\",\"target\":[\"https:\\\/\\\/smartconfluence.ch\\\/de\\\/community\\\/\"]}]},{\"@type\":\"ImageObject\",\"inLanguage\":\"de\",\"@id\":\"https:\\\/\\\/smartconfluence.ch\\\/de\\\/community\\\/#primaryimage\",\"url\":\"https:\\\/\\\/smartconfluence.ch\\\/wp-content\\\/uploads\\\/2025\\\/12\\\/rejoindre-1024x731.jpg\",\"contentUrl\":\"https:\\\/\\\/smartconfluence.ch\\\/wp-content\\\/uploads\\\/2025\\\/12\\\/rejoindre-1024x731.jpg\"},{\"@type\":\"BreadcrumbList\",\"@id\":\"https:\\\/\\\/smartconfluence.ch\\\/de\\\/community\\\/#breadcrumb\",\"itemListElement\":[{\"@type\":\"ListItem\",\"position\":1,\"name\":\"Accueil\",\"item\":\"https:\\\/\\\/smartconfluence.ch\\\/de\\\/\"},{\"@type\":\"ListItem\",\"position\":2,\"name\":\"Community\"}]},{\"@type\":\"WebSite\",\"@id\":\"https:\\\/\\\/smartconfluence.ch\\\/de\\\/#website\",\"url\":\"https:\\\/\\\/smartconfluence.ch\\\/de\\\/\",\"name\":\"S.M.A.R.T. Confluence\",\"description\":\"Innovons ensemble dans la sant\u00e9 et le sport en Valais\",\"publisher\":{\"@id\":\"https:\\\/\\\/smartconfluence.ch\\\/de\\\/#organization\"},\"potentialAction\":[{\"@type\":\"SearchAction\",\"target\":{\"@type\":\"EntryPoint\",\"urlTemplate\":\"https:\\\/\\\/smartconfluence.ch\\\/de\\\/?s={search_term_string}\"},\"query-input\":{\"@type\":\"PropertyValueSpecification\",\"valueRequired\":true,\"valueName\":\"search_term_string\"}}],\"inLanguage\":\"de\"},{\"@type\":\"Organization\",\"@id\":\"https:\\\/\\\/smartconfluence.ch\\\/de\\\/#organization\",\"name\":\"S.M.A.R.T. Confluence\",\"url\":\"https:\\\/\\\/smartconfluence.ch\\\/de\\\/\",\"logo\":{\"@type\":\"ImageObject\",\"inLanguage\":\"de\",\"@id\":\"https:\\\/\\\/smartconfluence.ch\\\/de\\\/#\\\/schema\\\/logo\\\/image\\\/\",\"url\":\"https:\\\/\\\/smartconfluence.ch\\\/wp-content\\\/uploads\\\/2020\\\/11\\\/smartconfluence-logo.png\",\"contentUrl\":\"https:\\\/\\\/smartconfluence.ch\\\/wp-content\\\/uploads\\\/2020\\\/11\\\/smartconfluence-logo.png\",\"width\":200,\"height\":200,\"caption\":\"S.M.A.R.T. Confluence\"},\"image\":{\"@id\":\"https:\\\/\\\/smartconfluence.ch\\\/de\\\/#\\\/schema\\\/logo\\\/image\\\/\"},\"sameAs\":[\"https:\\\/\\\/x.com\\\/SmartConfluence\",\"https:\\\/\\\/www.linkedin.com\\\/company\\\/smart-confluence\",\"https:\\\/\\\/www.youtube.com\\\/channel\\\/UCouOaigXvIz1Pjhm8GuRqUA\"]}]}<\/script>\n<!-- \/ Yoast SEO plugin. -->","yoast_head_json":{"title":"Community - SMART Confluence","description":"Eine innovative Community. Entdecken Sie die Vielfalt der Akteure, die das SMART-\u00d6kosystem ausmachen.","robots":{"index":"index","follow":"follow","max-snippet":"max-snippet:-1","max-image-preview":"max-image-preview:large","max-video-preview":"max-video-preview:-1"},"canonical":"https:\/\/smartconfluence.ch\/de\/community\/","og_locale":"de_DE","og_type":"article","og_title":"Community - SMART Confluence","og_description":"Eine innovative Community. Entdecken Sie die Vielfalt der Akteure, die das SMART-\u00d6kosystem ausmachen.","og_url":"https:\/\/smartconfluence.ch\/de\/community\/","og_site_name":"SMART Confluence","article_modified_time":"2026-03-24T13:46:43+00:00","og_image":[{"width":1200,"height":857,"url":"https:\/\/smartconfluence.ch\/wp-content\/uploads\/2025\/12\/rejoindre.jpg","type":"image\/jpeg"}],"twitter_card":"summary_large_image","twitter_site":"@SmartConfluence","twitter_misc":{"Gesch\u00e4tzte Lesezeit":"1\u00a0Minute"},"schema":{"@context":"https:\/\/schema.org","@graph":[{"@type":"WebPage","@id":"https:\/\/smartconfluence.ch\/de\/community\/","url":"https:\/\/smartconfluence.ch\/de\/community\/","name":"Community - SMART Confluence","isPartOf":{"@id":"https:\/\/smartconfluence.ch\/de\/#website"},"primaryImageOfPage":{"@id":"https:\/\/smartconfluence.ch\/de\/community\/#primaryimage"},"image":{"@id":"https:\/\/smartconfluence.ch\/de\/community\/#primaryimage"},"thumbnailUrl":"https:\/\/smartconfluence.ch\/wp-content\/uploads\/2025\/12\/rejoindre-1024x731.jpg","datePublished":"2026-01-08T16:53:19+00:00","dateModified":"2026-03-24T13:46:43+00:00","description":"Eine innovative Community. Entdecken Sie die Vielfalt der Akteure, die das SMART-\u00d6kosystem ausmachen.","breadcrumb":{"@id":"https:\/\/smartconfluence.ch\/de\/community\/#breadcrumb"},"inLanguage":"de","potentialAction":[{"@type":"ReadAction","target":["https:\/\/smartconfluence.ch\/de\/community\/"]}]},{"@type":"ImageObject","inLanguage":"de","@id":"https:\/\/smartconfluence.ch\/de\/community\/#primaryimage","url":"https:\/\/smartconfluence.ch\/wp-content\/uploads\/2025\/12\/rejoindre-1024x731.jpg","contentUrl":"https:\/\/smartconfluence.ch\/wp-content\/uploads\/2025\/12\/rejoindre-1024x731.jpg"},{"@type":"BreadcrumbList","@id":"https:\/\/smartconfluence.ch\/de\/community\/#breadcrumb","itemListElement":[{"@type":"ListItem","position":1,"name":"Accueil","item":"https:\/\/smartconfluence.ch\/de\/"},{"@type":"ListItem","position":2,"name":"Community"}]},{"@type":"WebSite","@id":"https:\/\/smartconfluence.ch\/de\/#website","url":"https:\/\/smartconfluence.ch\/de\/","name":"S.M.A.R.T. Confluence","description":"Innovons ensemble dans la sant\u00e9 et le sport en Valais","publisher":{"@id":"https:\/\/smartconfluence.ch\/de\/#organization"},"potentialAction":[{"@type":"SearchAction","target":{"@type":"EntryPoint","urlTemplate":"https:\/\/smartconfluence.ch\/de\/?s={search_term_string}"},"query-input":{"@type":"PropertyValueSpecification","valueRequired":true,"valueName":"search_term_string"}}],"inLanguage":"de"},{"@type":"Organization","@id":"https:\/\/smartconfluence.ch\/de\/#organization","name":"S.M.A.R.T. Confluence","url":"https:\/\/smartconfluence.ch\/de\/","logo":{"@type":"ImageObject","inLanguage":"de","@id":"https:\/\/smartconfluence.ch\/de\/#\/schema\/logo\/image\/","url":"https:\/\/smartconfluence.ch\/wp-content\/uploads\/2020\/11\/smartconfluence-logo.png","contentUrl":"https:\/\/smartconfluence.ch\/wp-content\/uploads\/2020\/11\/smartconfluence-logo.png","width":200,"height":200,"caption":"S.M.A.R.T. Confluence"},"image":{"@id":"https:\/\/smartconfluence.ch\/de\/#\/schema\/logo\/image\/"},"sameAs":["https:\/\/x.com\/SmartConfluence","https:\/\/www.linkedin.com\/company\/smart-confluence","https:\/\/www.youtube.com\/channel\/UCouOaigXvIz1Pjhm8GuRqUA"]}]}},"_links":{"self":[{"href":"https:\/\/smartconfluence.ch\/de\/wp-json\/wp\/v2\/pages\/10650","targetHints":{"allow":["GET"]}}],"collection":[{"href":"https:\/\/smartconfluence.ch\/de\/wp-json\/wp\/v2\/pages"}],"about":[{"href":"https:\/\/smartconfluence.ch\/de\/wp-json\/wp\/v2\/types\/page"}],"author":[{"embeddable":true,"href":"https:\/\/smartconfluence.ch\/de\/wp-json\/wp\/v2\/users\/14"}],"replies":[{"embeddable":true,"href":"https:\/\/smartconfluence.ch\/de\/wp-json\/wp\/v2\/comments?post=10650"}],"version-history":[{"count":3,"href":"https:\/\/smartconfluence.ch\/de\/wp-json\/wp\/v2\/pages\/10650\/revisions"}],"predecessor-version":[{"id":13724,"href":"https:\/\/smartconfluence.ch\/de\/wp-json\/wp\/v2\/pages\/10650\/revisions\/13724"}],"wp:attachment":[{"href":"https:\/\/smartconfluence.ch\/de\/wp-json\/wp\/v2\/media?parent=10650"}],"curies":[{"name":"wp","href":"https:\/\/api.w.org\/{rel}","templated":true}]}}